{"id":1142,"date":"2019-06-05T11:50:21","date_gmt":"2019-06-05T09:50:21","guid":{"rendered":"http:\/\/www.udrugaprospero.org\/wordpress\/?page_id=1142"},"modified":"2021-09-30T07:49:21","modified_gmt":"2021-09-30T05:49:21","slug":"program-zaposljavanja","status":"publish","type":"page","link":"https:\/\/www.udrugaprospero.org\/wordpress\/program-zaposljavanja\/","title":{"rendered":"Znanjem do zaposlenja"},"content":{"rendered":"\n<div class=\"is-layout-flex wp-block-buttons is-content-justification-center\">\n<div class=\"wp-block-button\"><a class=\"wp-block-button__link\" href=\"https:\/\/www.udrugaprospero.org\/wordpress\/program-zaposljavanja\/sirar-mljekar\/\">Sirar\/mljekar<\/a><\/div>\n\n\n\n<div class=\"wp-block-button\"><a class=\"wp-block-button__link\" href=\"https:\/\/www.udrugaprospero.org\/wordpress\/program-zaposljavanja\/pcelar-medar\/\">P\u010delar\/medar<\/a><\/div>\n\n\n\n<div class=\"wp-block-button\"><a class=\"wp-block-button__link\" href=\"https:\/\/www.udrugaprospero.org\/wordpress\/program-zaposljavanja\/turisticki-vodic\/\">Turisti\u010dki vodi\u010d<\/a><\/div>\n\n\n\n<div class=\"wp-block-button\"><a class=\"wp-block-button__link\" href=\"https:\/\/www.udrugaprospero.org\/wordpress\/program-zaposljavanja\/zavarivac\/\">Zavariva\u010d<\/a><\/div>\n\n\n\n<div class=\"wp-block-button\"><a class=\"wp-block-button__link\" href=\"https:\/\/www.udrugaprospero.org\/wordpress\/program-zaposljavanja\/sivac-gornjista\/\">\u0160iva\u010d gornji\u0161ta<\/a><\/div>\n\n\n\n<div class=\"wp-block-button\"><a class=\"wp-block-button__link\" href=\"https:\/\/www.udrugaprospero.org\/wordpress\/program-zaposljavanja\/monter-solarnih-sustava\/\">Monter solarnih sustava<\/a><\/div>\n\n\n\n<div class=\"wp-block-button\"><a class=\"wp-block-button__link\" href=\"https:\/\/www.udrugaprospero.org\/wordpress\/program-zaposljavanja\/uzgajivac-goveda\/\">Uzgajiva\u010d goveda<\/a><\/div>\n<\/div>\n\n\n\n<h3><strong>Lokalna inicijativa za poticanje zapo\u0161ljavanja faza lll<\/strong><\/h3>\n\n\n\n<div style=\"height:35px\" aria-hidden=\"true\" class=\"wp-block-spacer\"><\/div>\n\n\n<h4><span style=\"color: #5f2c00;\">REZULTATI PROJEKTA: <\/span><\/h4>\n<p>U sklopu projekta &#8220;<span style=\"color: #5f2c00;\">Znanjem do zaposlenja<\/span>&#8221; edukaciju je pro\u0161la <span style=\"color: #5f2c00;\">41. osoba<\/span>, kroz 7 osposobljavanja mnogi su stekli kompetencije za konkurentnost na tr\u017ei\u0161tu, odnosno skupili hrabrost i volju za otvaranjem opg-ova i obrta za po\u010detak rada u svojim poljima za koje su osposobljeni<span style=\"color: #5f2c00;\"><strong>.<\/strong><\/span><\/p>\n<ul>\n<li style=\"list-style-type: none;\">\n<ul>\n<li><span style=\"color: #5f2c00;\">Od 9 polaznika<\/span> u sklopu osposobljavanja za <span style=\"color: #5f2c00;\">sirara\/mljekara<\/span>, 6 su po\u010deli prozivoditi sir, dok se svi u manjoj ili ve\u0107oj mjeri bave proizvodnjom mlijeka<span style=\"color: #5f2c00;\"><strong>.<\/strong><\/span><\/li>\n<li><span style=\"color: #5f2c00;\">Od 6 polaznika<\/span> u sklopu osposobljavanja za <span style=\"color: #5f2c00;\">p\u010delara\/medara<\/span>, 3 su nastavila i unaprijedila p\u010delinjake sa ste\u010denim znanjem, dok je jedan polaznik po\u010deo p\u010delariti sa 15tak ko\u0161nica, te je otvorio OPG kako bi lak\u0161e plasirao svoje proizvode na tr\u017ei\u0161te<span style=\"color: #5f2c00;\"><strong>.<\/strong><\/span><\/li>\n<li><span style=\"color: #5f2c00;\">Od 6 polaznika<\/span> u sklopu osposobljavanja za <span style=\"color: #5f2c00;\">turisti\u010dkog vodi\u010da<\/span>, 1 se zaposlio u struci za koju se osposobio<span style=\"color: #5f2c00;\"><strong>.<\/strong><\/span><\/li>\n<li><span style=\"color: #5f2c00;\">Od 5 polaznika<\/span> u sklopu osposobljavanja za <span style=\"color: #5f2c00;\">zavariva\u010da REL postupkom<\/span>, 3 su polaznika nastavila raditi u struci za koju su osposobljavani, od kojih 2 polaznika planiraju otvaranje vlastitih obrta<span style=\"color: #5f2c00;\"><strong>.<\/strong><\/span><\/li>\n<li><span style=\"color: #5f2c00;\">Od 6 polaznika<\/span> u sklopu osposobljavanja za <span style=\"color: #5f2c00;\">\u0161iva\u010da gornji\u0161ta obu\u0107e<\/span>, za sada se 1 polaznica zaposlila u lokalnom odr\u017eivom dru\u0161tvenom poduze\u0107u, dok \u0107e se u sljede\u0107ih par mjeseci zaposliti na istom radnom mjestu dodatna 2 polaznika<span style=\"color: #5f2c00;\"><strong>.<\/strong><\/span><\/li>\n<li><span style=\"color: #5f2c00;\">Od 5 polaznika<\/span> u sklopu osposobljavanja za <span style=\"color: #5f2c00;\">montera solarnih sustava<\/span>, 2 polaznika otvaraju vlastite obrte, gdje \u0107e u opisu svoga rada me\u0111u ostalim imati montiranje solarnih sustava<span style=\"color: #5f2c00;\"><strong>.<\/strong><\/span><\/li>\n<li><span style=\"color: #5f2c00;\">Od 4 polaznika<\/span> u sklopu osposobljavanja za <span style=\"color: #5f2c00;\">uzgajiva\u010da goveda<\/span>, 2 su polaznika nastavila raditi u struci za koju su osposobljavani, dok je 1 polaznica otvorila OPG kako bi lak\u0161e plasirala svoje proizvode na tr\u017ei\u0161te<span style=\"color: #5f2c00;\"><strong>.<\/strong><\/span><\/li>\n<\/ul>\n<\/li>\n<\/ul>\n<p><span style=\"color: #5f2c00;\"><strong>NAZIV PROJEKTA<\/strong><\/span>: Znanjem do zaposlenja.<\/p>\n<p><span style=\"color: #5f2c00;\"><strong>PROGRAM<\/strong><\/span>: Operativni program U\u010dinkoviti ljudski potencijali 2014. \u2013 2020.<\/p>\n<p><span style=\"color: #5f2c00;\"><strong>FOND<\/strong><\/span>: Europski socijalni fond.<\/p>\n<p><span style=\"color: #5f2c00;\"><strong>NADLE\u017dNO TIJELO<\/strong><\/span>: Ministarstvo rada i mirovinskog sustava.<\/p>\n<p><span style=\"color: #5f2c00;\"><strong>CILJANA SKUPINA<\/strong><\/span>: Nezaposlene osobe prijavljene u evidenciju nezaposlenih HZZ-a bez obzira na duljinu prijave.<\/p>\n<p><span style=\"color: #5f2c00;\"><strong>UKUPNA VRIJEDNOST PROJEKTA<\/strong><\/span>: Projekt je financiran u potpunosti sredstvima EU u iznosu od 976.550,00 kn.<\/p>\n<p><span style=\"color: #5f2c00;\"><strong>KORISNIK<\/strong><\/span>: Udruga \u201eProspero\u201c.<\/p>\n<p><span style=\"color: #5f2c00;\"><strong>PARTNERI<\/strong><\/span>: Ekolo\u0161ka udruga Krka Knin, Eko \u2013 Zrmanja.<\/p>\n<p><span style=\"color: #5f2c00;\"><strong>TRAJANJE PROJEKTA<\/strong><\/span>: 24 mj.<\/p>\n<p><span style=\"color: #5f2c00;\"><strong>RAZDOBLJE PROVEDBE<\/strong><\/span>: 26.03.2019. \u2013 25.03.2021.<\/p>\n<h4>MISIJA:<\/h4>\n<p>Udruga Prospero provodi projekt \u201eZnanjem do zaposlenja\u201c u sklopu kojeg provodi osposobljavanje nezaposlenih osoba za zanimanja:<\/p>\n<ul>\n<li style=\"list-style-type: none;\">\n<ul>\n<li>Mljekar\/sirar (113 h)<\/li>\n<li>Turisti\u010dki vodi\u010d (89 h)<\/li>\n<li>Voditelj turisti\u010dke poslovnice (43 h)<\/li>\n<li>Uzgajiva\u010d goveda (120 h)<\/li>\n<li>P\u010delar (134 h)<\/li>\n<li>Zavariva\u010d REL postupkom (187 h)<\/li>\n<li>Monter solarnih sustava (150 h)<\/li>\n<\/ul>\n<\/li>\n<\/ul>\n<p>Projekt se bavi pove\u0107anjem zapo\u0161ljivosti poglavito osoba sa neodgovaraju\u0107om stru\u010dnom spremom za lokalno tr\u017ei\u0161te rada. Cilj projekta je pove\u0107ana zapo\u0161ljivost najranjivijih skupina na tr\u017ei\u0161tu rada kako je definirano \u017eupanijskim strategijama za razvoj ljudskih potencijala kroz edukaciju, savjetovanje i posredovanje.<\/p>\n<h4>VIZIJA:<\/h4>\n<p>Razvoj poljoprivrede i obrtni\u010dkih zanimanja na podru\u010dju Op\u0107ine Gra\u010dac, Lovinac, Udbina, grada Obrovca, Knina i okolnih naselja.<\/p>\n<h4>CILJ:<\/h4>\n<p>Pove\u0107ana zapo\u0161ljivost najranjivijih skupina na tr\u017ei\u0161tu rada.<\/p>\n<h4>3 PRIORITETNA PODRU\u010cJA I MJERE ZA OSTVARIVANJE PRIORITETA:<\/h4>\n<ul>\n<li style=\"list-style-type: none;\">\n<ul>\n<li>Zapo\u0161ljavanje<\/li>\n<li>Obrazovanje<\/li>\n<li>Socijalno uklju\u010divanje<\/li>\n<\/ul>\n<\/li>\n<\/ul>\n<h4>UVJETI ZA PRIJAVU:<\/h4>\n<ul>\n<li style=\"list-style-type: none;\">\n<ul>\n<li>Zavr\u0161ena osnovna \u0161kola<\/li>\n<li>\u017delja i motiviranost za zaposlenjem, znanjem i napretkom<\/li>\n<li>Za zanimanje turisti\u010dki vodi\u010d i voditelj turisti\u010dke poslovnice potrebna zavr\u0161ena srednja \u0161kola i poznavanje barem jednog svjetskog jezika<\/li>\n<\/ul>\n<\/li>\n<\/ul>\n<h4>REZULTATI NAKON ZAVR\u0160ENOG OSPOSOBLJAVANJA:<\/h4>\n<ul>\n<li style=\"list-style-type: none;\">\n<ul>\n<li>Certifikat o zavr\u0161enom osposobljavanju za \u017eeljeno zanimanje<\/li>\n<li>Upis u e \u2013 radnu knji\u017eicu<\/li>\n<li>Pove\u0107anje mogu\u0107nosti zaposlenja<\/li>\n<li>Znanje stru\u010dnog i sigurnog obavljanja zada\u0107a u odabranom zanimanju<\/li>\n<li>Znanje pru\u017eanja neophodne prve pomo\u0107i u slu\u010daju ozljede na radu s ciljem za\u0161tite \u017eivota<\/li>\n<\/ul>\n<\/li>\n<\/ul>\n<h4>NA\u0160 DOPRINOS:<\/h4>\n<ul>\n<li style=\"list-style-type: none;\">\n<ul>\n<li>Vo\u0111enje tijekom osposobljavanja<\/li>\n<li>Mentorstvo u razvijanju poslovnih ideja<\/li>\n<li>Obavljanje razgovora vezanih za izra\u0111ivanje profila za zapo\u0161ljavanje<\/li>\n<li>Pomo\u0107 pri pisanju zamolbi i \u017eivotopisa<\/li>\n<li>Informiranje o mjerama ruralnog razvoja i pokretanju vlastitog biznisa<\/li>\n<li>Informiranje o mogu\u0107nostima dobivanja bespovratnih sredstava i ESIF malih zajmova<\/li>\n<li>Redovna individualna i grupna savjetovanja<\/li>\n<\/ul>\n<\/li>\n<\/ul>\n\n\n<figure class=\"wp-block-image is-resized\"><img decoding=\"async\" loading=\"lazy\" src=\"https:\/\/www.udrugaprospero.org\/wordpress\/wp-content\/uploads\/2017\/08\/Lenta_element2_A3-e1538416018431-1024x305.png\" alt=\"\" class=\"wp-image-791\" width=\"666\" height=\"197\" srcset=\"https:\/\/www.udrugaprospero.org\/wordpress\/wp-content\/uploads\/2017\/08\/Lenta_element2_A3-e1538416018431-1024x305.png 1024w, https:\/\/www.udrugaprospero.org\/wordpress\/wp-content\/uploads\/2017\/08\/Lenta_element2_A3-e1538416018431-300x89.png 300w\" sizes=\"(max-width: 666px) 100vw, 666px\" \/><\/figure>\n\n\n\n<p><strong>Projekt je financiran u potpunosti sredstvima ESF-a u iznosu od 976.550,00 HRK. Sadr\u017eaj objave isklju\u010diva je odgovornost Udruge \u201cProspero\u201d<\/strong><\/p>\n","protected":false},"excerpt":{"rendered":"<p>Lokalna inicijativa za poticanje zapo\u0161ljavanja faza lll REZULTATI PROJEKTA: U sklopu projekta &#8220;Znanjem do zaposlenja&#8221; edukaciju je pro\u0161la 41. osoba, kroz 7 osposobljavanja mnogi su stekli kompetencije za konkurentnost na tr\u017ei\u0161tu, odnosno skupili hrabrost i volju za otvaranjem opg-ova i obrta za po\u010detak rada u svojim poljima za koje su osposobljeni. Od 9 polaznika u [&hellip;]<\/p>\n","protected":false},"author":1,"featured_media":0,"parent":0,"menu_order":0,"comment_status":"closed","ping_status":"closed","template":"","meta":[],"_links":{"self":[{"href":"https:\/\/www.udrugaprospero.org\/wordpress\/wp-json\/wp\/v2\/pages\/1142"}],"collection":[{"href":"https:\/\/www.udrugaprospero.org\/wordpress\/wp-json\/wp\/v2\/pages"}],"about":[{"href":"https:\/\/www.udrugaprospero.org\/wordpress\/wp-json\/wp\/v2\/types\/page"}],"author":[{"embeddable":true,"href":"https:\/\/www.udrugaprospero.org\/wordpress\/wp-json\/wp\/v2\/users\/1"}],"replies":[{"embeddable":true,"href":"https:\/\/www.udrugaprospero.org\/wordpress\/wp-json\/wp\/v2\/comments?post=1142"}],"version-history":[{"count":39,"href":"https:\/\/www.udrugaprospero.org\/wordpress\/wp-json\/wp\/v2\/pages\/1142\/revisions"}],"predecessor-version":[{"id":1908,"href":"https:\/\/www.udrugaprospero.org\/wordpress\/wp-json\/wp\/v2\/pages\/1142\/revisions\/1908"}],"wp:attachment":[{"href":"https:\/\/www.udrugaprospero.org\/wordpress\/wp-json\/wp\/v2\/media?parent=1142"}],"curies":[{"name":"wp","href":"https:\/\/api.w.org\/{rel}","templated":true}]}}