{"id":1486,"date":"2019-10-25T10:11:18","date_gmt":"2019-10-25T08:11:18","guid":{"rendered":"https:\/\/www.udrugaprospero.org\/wordpress\/?page_id=1486"},"modified":"2019-10-25T10:38:47","modified_gmt":"2019-10-25T08:38:47","slug":"dodjela-diploma","status":"publish","type":"page","link":"https:\/\/www.udrugaprospero.org\/wordpress\/dodjela-diploma\/","title":{"rendered":"Dodjela diploma"},"content":{"rendered":"\n<p>Projekt \u201eZnanjem do zaposlenja\u201c u sklopu Operativnog programa &#8220;U\u010dinkoviti ljudski potencijali 2014. \u2013 2020.&#8221;, financiran iz Europskog socijalnog fonda zapo\u010deo je s osposobljavanjima. Ciljane skupine su nezaposlene osobe prijavljene u evidenciju nezaposlenih HZZ-a bez obzira na duljinu prijave.<\/p>\n\n\n\n<p>Projekt je financiran u potpunosti sredstvima EU u iznosu od 976.550,00 kn.<\/p>\n\n\n\n<p>Trajanje projekta je 24 mjeseca, razdoblje provedbe je od 26.3.2019. do 25.3.2021.<\/p>\n\n\n\n<p>Korisnik projekta je udruga \u201eProspero\u201c, a partneri su Ekolo\u0161ka udruga \u201eKrka\u201c &#8211; Knin  i Ekolo\u0161ka udruga \u201eEko\u201c \u2013 Zrmanja. <\/p>\n\n\n\n<p>Kroz srpanj i kolovoz teku\u0107e godine trajala su osposobljavanja za zanimanja sirar\/mljekar i p\u010delar\/medar. Osposobljavanja su se sastojala od teorijskog i prakti\u010dnog dijela, a dodjelu diploma organizirali smo u suradnji s Pu\u010dkim otvorenim u\u010dili\u0161tem Libar, 14.10.2019. godine u prostoriji udruge \u201eProspero\u201c.<\/p>\n\n\n\n<ul class=\"is-layout-flex wp-block-gallery-1 wp-block-gallery columns-3 is-cropped\"><li class=\"blocks-gallery-item\"><figure><img decoding=\"async\" loading=\"lazy\" width=\"1024\" height=\"768\" src=\"https:\/\/www.udrugaprospero.org\/wordpress\/wp-content\/uploads\/2019\/10\/dodjela1-1024x768.png\" alt=\"\" data-id=\"1494\" data-link=\"https:\/\/www.udrugaprospero.org\/wordpress\/?attachment_id=1494\" class=\"wp-image-1494\" srcset=\"https:\/\/www.udrugaprospero.org\/wordpress\/wp-content\/uploads\/2019\/10\/dodjela1-1024x768.png 1024w, https:\/\/www.udrugaprospero.org\/wordpress\/wp-content\/uploads\/2019\/10\/dodjela1-300x225.png 300w, https:\/\/www.udrugaprospero.org\/wordpress\/wp-content\/uploads\/2019\/10\/dodjela1-768x576.png 768w, https:\/\/www.udrugaprospero.org\/wordpress\/wp-content\/uploads\/2019\/10\/dodjela1-600x450.png 600w, https:\/\/www.udrugaprospero.org\/wordpress\/wp-content\/uploads\/2019\/10\/dodjela1.png 1080w\" sizes=\"(max-width: 1024px) 100vw, 1024px\" \/><\/figure><\/li><li class=\"blocks-gallery-item\"><figure><img decoding=\"async\" loading=\"lazy\" width=\"768\" height=\"1024\" src=\"https:\/\/www.udrugaprospero.org\/wordpress\/wp-content\/uploads\/2019\/10\/dodjela2-768x1024.png\" alt=\"\" data-id=\"1495\" data-link=\"https:\/\/www.udrugaprospero.org\/wordpress\/?attachment_id=1495\" class=\"wp-image-1495\" srcset=\"https:\/\/www.udrugaprospero.org\/wordpress\/wp-content\/uploads\/2019\/10\/dodjela2-768x1024.png 768w, https:\/\/www.udrugaprospero.org\/wordpress\/wp-content\/uploads\/2019\/10\/dodjela2-225x300.png 225w, https:\/\/www.udrugaprospero.org\/wordpress\/wp-content\/uploads\/2019\/10\/dodjela2-600x800.png 600w, https:\/\/www.udrugaprospero.org\/wordpress\/wp-content\/uploads\/2019\/10\/dodjela2.png 810w\" sizes=\"(max-width: 768px) 100vw, 768px\" \/><\/figure><\/li><li class=\"blocks-gallery-item\"><figure><img decoding=\"async\" loading=\"lazy\" width=\"768\" height=\"1024\" src=\"https:\/\/www.udrugaprospero.org\/wordpress\/wp-content\/uploads\/2019\/10\/dodjela3-1-768x1024.png\" alt=\"\" data-id=\"1496\" data-link=\"https:\/\/www.udrugaprospero.org\/wordpress\/?attachment_id=1496\" class=\"wp-image-1496\" srcset=\"https:\/\/www.udrugaprospero.org\/wordpress\/wp-content\/uploads\/2019\/10\/dodjela3-1-768x1024.png 768w, https:\/\/www.udrugaprospero.org\/wordpress\/wp-content\/uploads\/2019\/10\/dodjela3-1-225x300.png 225w, https:\/\/www.udrugaprospero.org\/wordpress\/wp-content\/uploads\/2019\/10\/dodjela3-1-600x800.png 600w, https:\/\/www.udrugaprospero.org\/wordpress\/wp-content\/uploads\/2019\/10\/dodjela3-1.png 810w\" sizes=\"(max-width: 768px) 100vw, 768px\" \/><\/figure><\/li><li class=\"blocks-gallery-item\"><figure><img decoding=\"async\" loading=\"lazy\" width=\"1024\" height=\"768\" src=\"https:\/\/www.udrugaprospero.org\/wordpress\/wp-content\/uploads\/2019\/10\/dodjela4-1-1024x768.png\" alt=\"\" data-id=\"1497\" data-link=\"https:\/\/www.udrugaprospero.org\/wordpress\/?attachment_id=1497\" class=\"wp-image-1497\" srcset=\"https:\/\/www.udrugaprospero.org\/wordpress\/wp-content\/uploads\/2019\/10\/dodjela4-1-1024x768.png 1024w, https:\/\/www.udrugaprospero.org\/wordpress\/wp-content\/uploads\/2019\/10\/dodjela4-1-300x225.png 300w, https:\/\/www.udrugaprospero.org\/wordpress\/wp-content\/uploads\/2019\/10\/dodjela4-1-768x576.png 768w, https:\/\/www.udrugaprospero.org\/wordpress\/wp-content\/uploads\/2019\/10\/dodjela4-1-600x450.png 600w, https:\/\/www.udrugaprospero.org\/wordpress\/wp-content\/uploads\/2019\/10\/dodjela4-1.png 1080w\" sizes=\"(max-width: 1024px) 100vw, 1024px\" \/><\/figure><\/li><li class=\"blocks-gallery-item\"><figure><img decoding=\"async\" loading=\"lazy\" width=\"1024\" height=\"768\" src=\"https:\/\/www.udrugaprospero.org\/wordpress\/wp-content\/uploads\/2019\/10\/dodjela5-1-1024x768.png\" alt=\"\" data-id=\"1498\" data-link=\"https:\/\/www.udrugaprospero.org\/wordpress\/?attachment_id=1498\" class=\"wp-image-1498\" srcset=\"https:\/\/www.udrugaprospero.org\/wordpress\/wp-content\/uploads\/2019\/10\/dodjela5-1-1024x768.png 1024w, https:\/\/www.udrugaprospero.org\/wordpress\/wp-content\/uploads\/2019\/10\/dodjela5-1-300x225.png 300w, https:\/\/www.udrugaprospero.org\/wordpress\/wp-content\/uploads\/2019\/10\/dodjela5-1-768x576.png 768w, https:\/\/www.udrugaprospero.org\/wordpress\/wp-content\/uploads\/2019\/10\/dodjela5-1-600x450.png 600w, https:\/\/www.udrugaprospero.org\/wordpress\/wp-content\/uploads\/2019\/10\/dodjela5-1.png 1080w\" sizes=\"(max-width: 1024px) 100vw, 1024px\" \/><\/figure><\/li><\/ul>\n\n\n\n<figure class=\"wp-block-image is-resized\"><img decoding=\"async\" loading=\"lazy\" src=\"https:\/\/www.udrugaprospero.org\/wordpress\/wp-content\/uploads\/2017\/08\/Lenta_element2_A3-e1538416018431-1024x305.png\" alt=\"\" class=\"wp-image-791\" width=\"690\" height=\"205\" srcset=\"https:\/\/www.udrugaprospero.org\/wordpress\/wp-content\/uploads\/2017\/08\/Lenta_element2_A3-e1538416018431-1024x305.png 1024w, https:\/\/www.udrugaprospero.org\/wordpress\/wp-content\/uploads\/2017\/08\/Lenta_element2_A3-e1538416018431-300x89.png 300w, https:\/\/www.udrugaprospero.org\/wordpress\/wp-content\/uploads\/2017\/08\/Lenta_element2_A3-e1538416018431-768x229.png 768w, https:\/\/www.udrugaprospero.org\/wordpress\/wp-content\/uploads\/2017\/08\/Lenta_element2_A3-e1538416018431-600x179.png 600w\" sizes=\"(max-width: 690px) 100vw, 690px\" \/><\/figure>\n\n\n\n<p><strong>Projekt je financiran u potpunosti sredstvima ESF-a u iznosu od \n976.550,00 HRK. Sadr\u017eaj objave isklju\u010diva je odgovornost Udruge \n\u201cProspero\u201d<\/strong><\/p>\n","protected":false},"excerpt":{"rendered":"<p>Projekt \u201eZnanjem do zaposlenja\u201c u sklopu Operativnog programa &#8220;U\u010dinkoviti ljudski potencijali 2014. \u2013 2020.&#8221;, financiran iz Europskog socijalnog fonda zapo\u010deo je s osposobljavanjima. Ciljane skupine su nezaposlene osobe prijavljene u evidenciju nezaposlenih HZZ-a bez obzira na duljinu prijave. Projekt je financiran u potpunosti sredstvima EU u iznosu od 976.550,00 kn. Trajanje projekta je 24 mjeseca, [&hellip;]<\/p>\n","protected":false},"author":1,"featured_media":0,"parent":0,"menu_order":0,"comment_status":"closed","ping_status":"closed","template":"","meta":[],"_links":{"self":[{"href":"https:\/\/www.udrugaprospero.org\/wordpress\/wp-json\/wp\/v2\/pages\/1486"}],"collection":[{"href":"https:\/\/www.udrugaprospero.org\/wordpress\/wp-json\/wp\/v2\/pages"}],"about":[{"href":"https:\/\/www.udrugaprospero.org\/wordpress\/wp-json\/wp\/v2\/types\/page"}],"author":[{"embeddable":true,"href":"https:\/\/www.udrugaprospero.org\/wordpress\/wp-json\/wp\/v2\/users\/1"}],"replies":[{"embeddable":true,"href":"https:\/\/www.udrugaprospero.org\/wordpress\/wp-json\/wp\/v2\/comments?post=1486"}],"version-history":[{"count":7,"href":"https:\/\/www.udrugaprospero.org\/wordpress\/wp-json\/wp\/v2\/pages\/1486\/revisions"}],"predecessor-version":[{"id":1506,"href":"https:\/\/www.udrugaprospero.org\/wordpress\/wp-json\/wp\/v2\/pages\/1486\/revisions\/1506"}],"wp:attachment":[{"href":"https:\/\/www.udrugaprospero.org\/wordpress\/wp-json\/wp\/v2\/media?parent=1486"}],"curies":[{"name":"wp","href":"https:\/\/api.w.org\/{rel}","templated":true}]}}