{"id":1761,"date":"2021-03-16T15:30:48","date_gmt":"2021-03-16T14:30:48","guid":{"rendered":"https:\/\/www.udrugaprospero.org\/wordpress\/?page_id=1761"},"modified":"2021-03-26T13:40:27","modified_gmt":"2021-03-26T12:40:27","slug":"sivac-gornjista","status":"publish","type":"page","link":"https:\/\/www.udrugaprospero.org\/wordpress\/program-zaposljavanja\/sivac-gornjista\/","title":{"rendered":"\u0160iva\u010d gornji\u0161ta"},"content":{"rendered":"\n<p>Osposobljavanje za zanimanje zavariva\u010d \u0161iva\u010d gornji\u0161ta obu\u0107e trajalo je od 2.12.2020. do 8.2.2021. godine. U\u010dili\u0161te koje smo odabrali za suradnju je Pu\u010dko otvoreno u\u010dili\u0161te \u010cakovec s profesorom Miroslavom Mikul\u010di\u0107em.<\/p>\n\n\n\n<p>U sklopu ovog osposobljavanja, polaznici su na teorijskoj nastavi u\u010dili o dijelovima gornji\u0161ta i potrebnim mjerama za svaki dio. Tako\u0111er su u\u010dili mjeriti, crtati i izrezivati \u0161ablone temeljne tabanice. Na prakti\u010dnoj nastavi sudjelovali su u svakoj fazi izrade gornji\u0161ta. Prije samog \u0161ivanja, u\u010dili su precizno, prema odre\u0111enim \u0161ablonama, iskrojiti dijelove ko\u017ee. Nakon krojenja polaznici su na stroju uspje\u0161no savladali dio istanjivanja ko\u017ee koje je potrebno za odre\u0111ene dijelove koji se \u0161iju. Polaznici su u\u010dili lijepiti dijelove ko\u017ee kako bi se gornji\u0161te \u0161to preciznije sa\u0161ilo. \u0160ivanje se u\u010dilo na dvjema \u0161iva\u0107im ma\u0161inama koje se nalaze unutar proizvodne radionice Odr\u017eivog dru\u0161tva j.d.o.o. Tako\u0111er su savladali mijenjanje donjeg i gornjeg konca, redoslijed provla\u010denja konca na ma\u0161ini, spajanje koncem dvaju ili vi\u0161e gornji\u0161ta odjednom kako se konac ne bi morao rezati nakon svakog zavr\u0161enog gornji\u0161ta, u\u010dvr\u0161\u0107ivanje krajeva gornji\u0161ta vra\u0107anjem igle te sve ostale potrebne radnje \u0161ivanja. Nau\u010dili su pravilno krojiti, istanjivati, lijepiti i \u0161ivati gornji\u0161ta, tabanice, podstave i remene obu\u0107e.<\/p>\n\n\n\n<p>Polaznici su odslu\u0161ali teorijski dio te nakon toga poha\u0111ali prakti\u010dnu nastavu u Odr\u017eivom dru\u0161tvu j.d.o.o. gdje su u\u010dili te vje\u017ebali \u0161ivanje gornji\u0161ta obu\u0107e i tako primjenjivali nau\u010deno.<\/p>\n\n\n\n<p>Ispit se odr\u017eao 8.2.2021. i svih je 6 polaznika uspje\u0161no polo\u017eilo te ostvarilo pravo na upis osposobljavanja u e-radnu knji\u017eicu.<\/p>\n\n\n\n<figure class=\"is-layout-flex wp-block-gallery-1 wp-block-gallery columns-3 is-cropped\"><ul class=\"blocks-gallery-grid\"><li class=\"blocks-gallery-item\"><figure><img decoding=\"async\" loading=\"lazy\" width=\"960\" height=\"720\" src=\"https:\/\/www.udrugaprospero.org\/wordpress\/wp-content\/uploads\/2021\/03\/predavanja8.jpg\" alt=\"\" data-id=\"1768\" data-full-url=\"https:\/\/www.udrugaprospero.org\/wordpress\/wp-content\/uploads\/2021\/03\/predavanja8.jpg\" data-link=\"https:\/\/www.udrugaprospero.org\/wordpress\/predavanja8\/\" class=\"wp-image-1768\" srcset=\"https:\/\/www.udrugaprospero.org\/wordpress\/wp-content\/uploads\/2021\/03\/predavanja8.jpg 960w, https:\/\/www.udrugaprospero.org\/wordpress\/wp-content\/uploads\/2021\/03\/predavanja8-300x225.jpg 300w, https:\/\/www.udrugaprospero.org\/wordpress\/wp-content\/uploads\/2021\/03\/predavanja8-768x576.jpg 768w, https:\/\/www.udrugaprospero.org\/wordpress\/wp-content\/uploads\/2021\/03\/predavanja8-600x450.jpg 600w\" sizes=\"(max-width: 960px) 100vw, 960px\" \/><\/figure><\/li><li class=\"blocks-gallery-item\"><figure><img decoding=\"async\" loading=\"lazy\" width=\"960\" height=\"720\" src=\"https:\/\/www.udrugaprospero.org\/wordpress\/wp-content\/uploads\/2021\/03\/predavanja6.jpg\" alt=\"\" data-id=\"1767\" data-full-url=\"https:\/\/www.udrugaprospero.org\/wordpress\/wp-content\/uploads\/2021\/03\/predavanja6.jpg\" data-link=\"https:\/\/www.udrugaprospero.org\/wordpress\/predavanja6\/\" class=\"wp-image-1767\" srcset=\"https:\/\/www.udrugaprospero.org\/wordpress\/wp-content\/uploads\/2021\/03\/predavanja6.jpg 960w, https:\/\/www.udrugaprospero.org\/wordpress\/wp-content\/uploads\/2021\/03\/predavanja6-300x225.jpg 300w, https:\/\/www.udrugaprospero.org\/wordpress\/wp-content\/uploads\/2021\/03\/predavanja6-768x576.jpg 768w, https:\/\/www.udrugaprospero.org\/wordpress\/wp-content\/uploads\/2021\/03\/predavanja6-600x450.jpg 600w\" sizes=\"(max-width: 960px) 100vw, 960px\" \/><\/figure><\/li><li class=\"blocks-gallery-item\"><figure><img decoding=\"async\" loading=\"lazy\" width=\"1024\" height=\"768\" src=\"https:\/\/www.udrugaprospero.org\/wordpress\/wp-content\/uploads\/2021\/03\/predavanja14-1024x768.jpg\" alt=\"\" data-id=\"1770\" data-full-url=\"https:\/\/www.udrugaprospero.org\/wordpress\/wp-content\/uploads\/2021\/03\/predavanja14.jpg\" data-link=\"https:\/\/www.udrugaprospero.org\/wordpress\/predavanja14\/\" class=\"wp-image-1770\" srcset=\"https:\/\/www.udrugaprospero.org\/wordpress\/wp-content\/uploads\/2021\/03\/predavanja14-1024x768.jpg 1024w, https:\/\/www.udrugaprospero.org\/wordpress\/wp-content\/uploads\/2021\/03\/predavanja14-300x225.jpg 300w, https:\/\/www.udrugaprospero.org\/wordpress\/wp-content\/uploads\/2021\/03\/predavanja14-768x576.jpg 768w, https:\/\/www.udrugaprospero.org\/wordpress\/wp-content\/uploads\/2021\/03\/predavanja14-1536x1152.jpg 1536w, https:\/\/www.udrugaprospero.org\/wordpress\/wp-content\/uploads\/2021\/03\/predavanja14-600x450.jpg 600w, https:\/\/www.udrugaprospero.org\/wordpress\/wp-content\/uploads\/2021\/03\/predavanja14.jpg 1800w\" sizes=\"(max-width: 1024px) 100vw, 1024px\" \/><\/figure><\/li><li class=\"blocks-gallery-item\"><figure><img decoding=\"async\" loading=\"lazy\" width=\"768\" height=\"1024\" src=\"https:\/\/www.udrugaprospero.org\/wordpress\/wp-content\/uploads\/2021\/03\/predavanja18-768x1024.jpg\" alt=\"\" data-id=\"1771\" data-full-url=\"https:\/\/www.udrugaprospero.org\/wordpress\/wp-content\/uploads\/2021\/03\/predavanja18.jpg\" data-link=\"https:\/\/www.udrugaprospero.org\/wordpress\/predavanja18\/\" class=\"wp-image-1771\" srcset=\"https:\/\/www.udrugaprospero.org\/wordpress\/wp-content\/uploads\/2021\/03\/predavanja18-768x1024.jpg 768w, https:\/\/www.udrugaprospero.org\/wordpress\/wp-content\/uploads\/2021\/03\/predavanja18-225x300.jpg 225w, https:\/\/www.udrugaprospero.org\/wordpress\/wp-content\/uploads\/2021\/03\/predavanja18-1152x1536.jpg 1152w, https:\/\/www.udrugaprospero.org\/wordpress\/wp-content\/uploads\/2021\/03\/predavanja18-600x800.jpg 600w, https:\/\/www.udrugaprospero.org\/wordpress\/wp-content\/uploads\/2021\/03\/predavanja18.jpg 1350w\" sizes=\"(max-width: 768px) 100vw, 768px\" \/><\/figure><\/li><li class=\"blocks-gallery-item\"><figure><img decoding=\"async\" loading=\"lazy\" width=\"960\" height=\"720\" src=\"https:\/\/www.udrugaprospero.org\/wordpress\/wp-content\/uploads\/2021\/03\/predavanja13.jpg\" alt=\"\" data-id=\"1769\" data-full-url=\"https:\/\/www.udrugaprospero.org\/wordpress\/wp-content\/uploads\/2021\/03\/predavanja13.jpg\" data-link=\"https:\/\/www.udrugaprospero.org\/wordpress\/predavanja13\/\" class=\"wp-image-1769\" srcset=\"https:\/\/www.udrugaprospero.org\/wordpress\/wp-content\/uploads\/2021\/03\/predavanja13.jpg 960w, https:\/\/www.udrugaprospero.org\/wordpress\/wp-content\/uploads\/2021\/03\/predavanja13-300x225.jpg 300w, https:\/\/www.udrugaprospero.org\/wordpress\/wp-content\/uploads\/2021\/03\/predavanja13-768x576.jpg 768w, https:\/\/www.udrugaprospero.org\/wordpress\/wp-content\/uploads\/2021\/03\/predavanja13-600x450.jpg 600w\" sizes=\"(max-width: 960px) 100vw, 960px\" \/><\/figure><\/li><li class=\"blocks-gallery-item\"><figure><img decoding=\"async\" loading=\"lazy\" width=\"960\" height=\"720\" src=\"https:\/\/www.udrugaprospero.org\/wordpress\/wp-content\/uploads\/2021\/03\/predavanja5.jpg\" alt=\"\" data-id=\"1766\" data-full-url=\"https:\/\/www.udrugaprospero.org\/wordpress\/wp-content\/uploads\/2021\/03\/predavanja5.jpg\" data-link=\"https:\/\/www.udrugaprospero.org\/wordpress\/predavanja5\/\" class=\"wp-image-1766\" srcset=\"https:\/\/www.udrugaprospero.org\/wordpress\/wp-content\/uploads\/2021\/03\/predavanja5.jpg 960w, https:\/\/www.udrugaprospero.org\/wordpress\/wp-content\/uploads\/2021\/03\/predavanja5-300x225.jpg 300w, https:\/\/www.udrugaprospero.org\/wordpress\/wp-content\/uploads\/2021\/03\/predavanja5-768x576.jpg 768w, https:\/\/www.udrugaprospero.org\/wordpress\/wp-content\/uploads\/2021\/03\/predavanja5-600x450.jpg 600w\" sizes=\"(max-width: 960px) 100vw, 960px\" \/><\/figure><\/li><li class=\"blocks-gallery-item\"><figure><img decoding=\"async\" loading=\"lazy\" width=\"1024\" height=\"768\" src=\"https:\/\/www.udrugaprospero.org\/wordpress\/wp-content\/uploads\/2021\/03\/praksa1-1024x768.jpg\" alt=\"\" data-id=\"1762\" data-full-url=\"https:\/\/www.udrugaprospero.org\/wordpress\/wp-content\/uploads\/2021\/03\/praksa1.jpg\" data-link=\"https:\/\/www.udrugaprospero.org\/wordpress\/praksa1\/\" class=\"wp-image-1762\" srcset=\"https:\/\/www.udrugaprospero.org\/wordpress\/wp-content\/uploads\/2021\/03\/praksa1-1024x768.jpg 1024w, https:\/\/www.udrugaprospero.org\/wordpress\/wp-content\/uploads\/2021\/03\/praksa1-300x225.jpg 300w, https:\/\/www.udrugaprospero.org\/wordpress\/wp-content\/uploads\/2021\/03\/praksa1-768x576.jpg 768w, https:\/\/www.udrugaprospero.org\/wordpress\/wp-content\/uploads\/2021\/03\/praksa1-1536x1152.jpg 1536w, https:\/\/www.udrugaprospero.org\/wordpress\/wp-content\/uploads\/2021\/03\/praksa1-600x450.jpg 600w, https:\/\/www.udrugaprospero.org\/wordpress\/wp-content\/uploads\/2021\/03\/praksa1.jpg 1800w\" sizes=\"(max-width: 1024px) 100vw, 1024px\" \/><\/figure><\/li><li class=\"blocks-gallery-item\"><figure><img decoding=\"async\" loading=\"lazy\" width=\"768\" height=\"1024\" src=\"https:\/\/www.udrugaprospero.org\/wordpress\/wp-content\/uploads\/2021\/03\/praksa7-768x1024.jpg\" alt=\"\" data-id=\"1765\" data-full-url=\"https:\/\/www.udrugaprospero.org\/wordpress\/wp-content\/uploads\/2021\/03\/praksa7.jpg\" data-link=\"https:\/\/www.udrugaprospero.org\/wordpress\/praksa7\/\" class=\"wp-image-1765\" srcset=\"https:\/\/www.udrugaprospero.org\/wordpress\/wp-content\/uploads\/2021\/03\/praksa7-768x1024.jpg 768w, https:\/\/www.udrugaprospero.org\/wordpress\/wp-content\/uploads\/2021\/03\/praksa7-225x300.jpg 225w, https:\/\/www.udrugaprospero.org\/wordpress\/wp-content\/uploads\/2021\/03\/praksa7-1152x1536.jpg 1152w, https:\/\/www.udrugaprospero.org\/wordpress\/wp-content\/uploads\/2021\/03\/praksa7-600x800.jpg 600w, https:\/\/www.udrugaprospero.org\/wordpress\/wp-content\/uploads\/2021\/03\/praksa7.jpg 1350w\" sizes=\"(max-width: 768px) 100vw, 768px\" \/><\/figure><\/li><li class=\"blocks-gallery-item\"><figure><img decoding=\"async\" loading=\"lazy\" width=\"1024\" height=\"768\" src=\"https:\/\/www.udrugaprospero.org\/wordpress\/wp-content\/uploads\/2021\/03\/praksa3-1-1024x768.jpg\" alt=\"\" data-id=\"1763\" data-full-url=\"https:\/\/www.udrugaprospero.org\/wordpress\/wp-content\/uploads\/2021\/03\/praksa3-1.jpg\" data-link=\"https:\/\/www.udrugaprospero.org\/wordpress\/praksa3-2\/\" class=\"wp-image-1763\" srcset=\"https:\/\/www.udrugaprospero.org\/wordpress\/wp-content\/uploads\/2021\/03\/praksa3-1-1024x768.jpg 1024w, https:\/\/www.udrugaprospero.org\/wordpress\/wp-content\/uploads\/2021\/03\/praksa3-1-300x225.jpg 300w, https:\/\/www.udrugaprospero.org\/wordpress\/wp-content\/uploads\/2021\/03\/praksa3-1-768x576.jpg 768w, https:\/\/www.udrugaprospero.org\/wordpress\/wp-content\/uploads\/2021\/03\/praksa3-1-1536x1152.jpg 1536w, https:\/\/www.udrugaprospero.org\/wordpress\/wp-content\/uploads\/2021\/03\/praksa3-1-600x450.jpg 600w, https:\/\/www.udrugaprospero.org\/wordpress\/wp-content\/uploads\/2021\/03\/praksa3-1.jpg 1800w\" sizes=\"(max-width: 1024px) 100vw, 1024px\" \/><\/figure><\/li><\/ul><\/figure>\n\n\n\n<div class=\"wp-block-image\"><figure class=\"aligncenter size-large is-resized\"><img decoding=\"async\" loading=\"lazy\" src=\"https:\/\/www.udrugaprospero.org\/wordpress\/wp-content\/uploads\/2017\/08\/Lenta_element3-1024x265.png\" alt=\"\" class=\"wp-image-802\" width=\"705\" height=\"182\" srcset=\"https:\/\/www.udrugaprospero.org\/wordpress\/wp-content\/uploads\/2017\/08\/Lenta_element3-1024x265.png 1024w, https:\/\/www.udrugaprospero.org\/wordpress\/wp-content\/uploads\/2017\/08\/Lenta_element3-300x78.png 300w, https:\/\/www.udrugaprospero.org\/wordpress\/wp-content\/uploads\/2017\/08\/Lenta_element3-768x199.png 768w\" sizes=\"(max-width: 705px) 100vw, 705px\" \/><figcaption>Projekt \u201eZnanjem do zaposlenja\u201c provodi se u sklopu programa \u201eLokalne inicijative za poticanje zapo\u0161ljavanja \u2013 faza lll\u201c. Sadr\u017eaj ove publikacije isklju\u010diva je odgovornost Udruge Prospero i ne predstavlja nu\u017eno stav Europske Unije. Projekt je sufinancirala Europska Unija iz Europskog socijalnog fonda. Vrijednost projekta je 976.550,00 HRK. Ukupna vrijednost EU potpore iznosi 976.550,00 HRK.<\/figcaption><\/figure><\/div>\n","protected":false},"excerpt":{"rendered":"<p>Osposobljavanje za zanimanje zavariva\u010d \u0161iva\u010d gornji\u0161ta obu\u0107e trajalo je od 2.12.2020. do 8.2.2021. godine. U\u010dili\u0161te koje smo odabrali za suradnju je Pu\u010dko otvoreno u\u010dili\u0161te \u010cakovec s profesorom Miroslavom Mikul\u010di\u0107em. U sklopu ovog osposobljavanja, polaznici su na teorijskoj nastavi u\u010dili o dijelovima gornji\u0161ta i potrebnim mjerama za svaki dio. Tako\u0111er su u\u010dili mjeriti, crtati i izrezivati [&hellip;]<\/p>\n","protected":false},"author":1,"featured_media":0,"parent":1142,"menu_order":0,"comment_status":"closed","ping_status":"closed","template":"","meta":[],"_links":{"self":[{"href":"https:\/\/www.udrugaprospero.org\/wordpress\/wp-json\/wp\/v2\/pages\/1761"}],"collection":[{"href":"https:\/\/www.udrugaprospero.org\/wordpress\/wp-json\/wp\/v2\/pages"}],"about":[{"href":"https:\/\/www.udrugaprospero.org\/wordpress\/wp-json\/wp\/v2\/types\/page"}],"author":[{"embeddable":true,"href":"https:\/\/www.udrugaprospero.org\/wordpress\/wp-json\/wp\/v2\/users\/1"}],"replies":[{"embeddable":true,"href":"https:\/\/www.udrugaprospero.org\/wordpress\/wp-json\/wp\/v2\/comments?post=1761"}],"version-history":[{"count":4,"href":"https:\/\/www.udrugaprospero.org\/wordpress\/wp-json\/wp\/v2\/pages\/1761\/revisions"}],"predecessor-version":[{"id":1820,"href":"https:\/\/www.udrugaprospero.org\/wordpress\/wp-json\/wp\/v2\/pages\/1761\/revisions\/1820"}],"up":[{"embeddable":true,"href":"https:\/\/www.udrugaprospero.org\/wordpress\/wp-json\/wp\/v2\/pages\/1142"}],"wp:attachment":[{"href":"https:\/\/www.udrugaprospero.org\/wordpress\/wp-json\/wp\/v2\/media?parent=1761"}],"curies":[{"name":"wp","href":"https:\/\/api.w.org\/{rel}","templated":true}]}}