{"id":1836,"date":"2021-09-07T08:44:02","date_gmt":"2021-09-07T06:44:02","guid":{"rendered":"https:\/\/www.udrugaprospero.org\/wordpress\/?page_id=1836"},"modified":"2021-12-30T11:56:59","modified_gmt":"2021-12-30T10:56:59","slug":"poljo-info-centar","status":"publish","type":"page","link":"https:\/\/www.udrugaprospero.org\/wordpress\/poljo-info-centar\/","title":{"rendered":"Poljo-Info centar"},"content":{"rendered":"\n<h4>Ciljevi programa:<\/h4>\n\n\n\n<p>Promicanje poljoprivrede i vrijednosti ruralnog prostora, odnosno unapre\u0111enje i razvoj poljoprivrede, pru\u017eanje stru\u010dne pomo\u0107i, informiranje javnosti o doga\u0111anjima s podru\u010dja poljoprivrede i prehrane. Kroz program \u0107e se poljoprivredni proizvo\u0111a\u010di i oni koji to \u017eele postati informirati o svim va\u017enim doga\u0111anjima iz navedenih podru\u010dja, educiranje o vo\u0111enju knjigovodstva, pra\u0107enju svih va\u017enih propisa prema kojima su obavezni postupati, te savjetovati i mentorirati o mogu\u0107nostima predaje projektnih prijedloga, mogu\u0107nostima prodaje i plasmana proizvoda.<\/p>\n\n\n\n<p>Kori\u0161tenje usluge poljoprivrednog informativnog centra od strane 120 korisnika projekta, oko 60 korisnika radionica mjera ruralnog razvoja, 20 korisnika koji \u0107e pro\u0107i kroz edukacije vezane uz vo\u0111enje poslovnih knjiga za OPG-ove, te 50 korisnika koji \u0107e biti mentorirani i savjetovani.<\/p>\n\n\n\n<h4>Usluga Poljo-info centra<\/h4>\n\n\n\n<p>Informativni centar radi uredovno vrijeme od 7:00h do 15:00h na usluzi poljoprivrednicima za sva pitanja; telefonski, e-mail-om, te direktnom komunikacijom u prostorijama udruge uz pridr\u017eavanje mjera socijalnog distanciranja zbog COVID pandemije. Tako\u0111er poljo-info centar nudi pomo\u0107 korisnicima oko slanja faksova, e-mailova, printanja i istra\u017eivanja interneta prema potrebama poljoprivrednika. Korisnici \u0107e mo\u0107i popuniti anketne upitnike preko kojih \u0107emo dobiti informacije koje edukacije \u017eele pro\u0107i.<\/p>\n\n\n\n<figure class=\"is-layout-flex wp-block-gallery-1 wp-block-gallery columns-3 is-cropped\"><ul class=\"blocks-gallery-grid\"><li class=\"blocks-gallery-item\"><figure><img decoding=\"async\" loading=\"lazy\" width=\"1024\" height=\"768\" src=\"https:\/\/www.udrugaprospero.org\/wordpress\/wp-content\/uploads\/2021\/12\/20211112_121157-1024x768.jpg\" alt=\"\" data-id=\"1932\" data-full-url=\"https:\/\/www.udrugaprospero.org\/wordpress\/wp-content\/uploads\/2021\/12\/20211112_121157.jpg\" data-link=\"https:\/\/www.udrugaprospero.org\/wordpress\/poljo-info-centar\/20211112_121157\/\" class=\"wp-image-1932\" srcset=\"https:\/\/www.udrugaprospero.org\/wordpress\/wp-content\/uploads\/2021\/12\/20211112_121157-1024x768.jpg 1024w, https:\/\/www.udrugaprospero.org\/wordpress\/wp-content\/uploads\/2021\/12\/20211112_121157-300x225.jpg 300w, https:\/\/www.udrugaprospero.org\/wordpress\/wp-content\/uploads\/2021\/12\/20211112_121157-768x576.jpg 768w, https:\/\/www.udrugaprospero.org\/wordpress\/wp-content\/uploads\/2021\/12\/20211112_121157-1536x1152.jpg 1536w, https:\/\/www.udrugaprospero.org\/wordpress\/wp-content\/uploads\/2021\/12\/20211112_121157-600x450.jpg 600w, https:\/\/www.udrugaprospero.org\/wordpress\/wp-content\/uploads\/2021\/12\/20211112_121157-80x60.jpg 80w, https:\/\/www.udrugaprospero.org\/wordpress\/wp-content\/uploads\/2021\/12\/20211112_121157-120x90.jpg 120w, https:\/\/www.udrugaprospero.org\/wordpress\/wp-content\/uploads\/2021\/12\/20211112_121157.jpg 1880w\" sizes=\"(max-width: 1024px) 100vw, 1024px\" \/><\/figure><\/li><li class=\"blocks-gallery-item\"><figure><img decoding=\"async\" loading=\"lazy\" width=\"1024\" height=\"768\" src=\"https:\/\/www.udrugaprospero.org\/wordpress\/wp-content\/uploads\/2021\/12\/20211112_121212-1024x768.jpg\" alt=\"\" data-id=\"1934\" data-full-url=\"https:\/\/www.udrugaprospero.org\/wordpress\/wp-content\/uploads\/2021\/12\/20211112_121212.jpg\" data-link=\"https:\/\/www.udrugaprospero.org\/wordpress\/poljo-info-centar\/20211112_121212\/\" class=\"wp-image-1934\" srcset=\"https:\/\/www.udrugaprospero.org\/wordpress\/wp-content\/uploads\/2021\/12\/20211112_121212-1024x768.jpg 1024w, https:\/\/www.udrugaprospero.org\/wordpress\/wp-content\/uploads\/2021\/12\/20211112_121212-300x225.jpg 300w, https:\/\/www.udrugaprospero.org\/wordpress\/wp-content\/uploads\/2021\/12\/20211112_121212-768x576.jpg 768w, https:\/\/www.udrugaprospero.org\/wordpress\/wp-content\/uploads\/2021\/12\/20211112_121212-1536x1152.jpg 1536w, https:\/\/www.udrugaprospero.org\/wordpress\/wp-content\/uploads\/2021\/12\/20211112_121212-600x450.jpg 600w, https:\/\/www.udrugaprospero.org\/wordpress\/wp-content\/uploads\/2021\/12\/20211112_121212-80x60.jpg 80w, https:\/\/www.udrugaprospero.org\/wordpress\/wp-content\/uploads\/2021\/12\/20211112_121212-120x90.jpg 120w, https:\/\/www.udrugaprospero.org\/wordpress\/wp-content\/uploads\/2021\/12\/20211112_121212.jpg 1880w\" sizes=\"(max-width: 1024px) 100vw, 1024px\" \/><\/figure><\/li><li class=\"blocks-gallery-item\"><figure><img decoding=\"async\" loading=\"lazy\" width=\"1024\" height=\"768\" src=\"https:\/\/www.udrugaprospero.org\/wordpress\/wp-content\/uploads\/2021\/12\/20211112_121207-1024x768.jpg\" alt=\"\" data-id=\"1933\" data-full-url=\"https:\/\/www.udrugaprospero.org\/wordpress\/wp-content\/uploads\/2021\/12\/20211112_121207.jpg\" data-link=\"https:\/\/www.udrugaprospero.org\/wordpress\/poljo-info-centar\/20211112_121207\/\" class=\"wp-image-1933\" srcset=\"https:\/\/www.udrugaprospero.org\/wordpress\/wp-content\/uploads\/2021\/12\/20211112_121207-1024x768.jpg 1024w, https:\/\/www.udrugaprospero.org\/wordpress\/wp-content\/uploads\/2021\/12\/20211112_121207-300x225.jpg 300w, https:\/\/www.udrugaprospero.org\/wordpress\/wp-content\/uploads\/2021\/12\/20211112_121207-768x576.jpg 768w, https:\/\/www.udrugaprospero.org\/wordpress\/wp-content\/uploads\/2021\/12\/20211112_121207-1536x1152.jpg 1536w, https:\/\/www.udrugaprospero.org\/wordpress\/wp-content\/uploads\/2021\/12\/20211112_121207-600x450.jpg 600w, https:\/\/www.udrugaprospero.org\/wordpress\/wp-content\/uploads\/2021\/12\/20211112_121207-80x60.jpg 80w, https:\/\/www.udrugaprospero.org\/wordpress\/wp-content\/uploads\/2021\/12\/20211112_121207-120x90.jpg 120w, https:\/\/www.udrugaprospero.org\/wordpress\/wp-content\/uploads\/2021\/12\/20211112_121207.jpg 1880w\" sizes=\"(max-width: 1024px) 100vw, 1024px\" \/><\/figure><\/li><li class=\"blocks-gallery-item\"><figure><img decoding=\"async\" loading=\"lazy\" width=\"1024\" height=\"768\" src=\"https:\/\/www.udrugaprospero.org\/wordpress\/wp-content\/uploads\/2021\/12\/20211112_121142-1024x768.jpg\" alt=\"\" data-id=\"1931\" data-full-url=\"https:\/\/www.udrugaprospero.org\/wordpress\/wp-content\/uploads\/2021\/12\/20211112_121142.jpg\" data-link=\"https:\/\/www.udrugaprospero.org\/wordpress\/poljo-info-centar\/20211112_121142\/\" class=\"wp-image-1931\" srcset=\"https:\/\/www.udrugaprospero.org\/wordpress\/wp-content\/uploads\/2021\/12\/20211112_121142-1024x768.jpg 1024w, https:\/\/www.udrugaprospero.org\/wordpress\/wp-content\/uploads\/2021\/12\/20211112_121142-300x225.jpg 300w, https:\/\/www.udrugaprospero.org\/wordpress\/wp-content\/uploads\/2021\/12\/20211112_121142-768x576.jpg 768w, https:\/\/www.udrugaprospero.org\/wordpress\/wp-content\/uploads\/2021\/12\/20211112_121142-1536x1152.jpg 1536w, https:\/\/www.udrugaprospero.org\/wordpress\/wp-content\/uploads\/2021\/12\/20211112_121142-600x450.jpg 600w, https:\/\/www.udrugaprospero.org\/wordpress\/wp-content\/uploads\/2021\/12\/20211112_121142-80x60.jpg 80w, https:\/\/www.udrugaprospero.org\/wordpress\/wp-content\/uploads\/2021\/12\/20211112_121142-120x90.jpg 120w, https:\/\/www.udrugaprospero.org\/wordpress\/wp-content\/uploads\/2021\/12\/20211112_121142.jpg 1880w\" sizes=\"(max-width: 1024px) 100vw, 1024px\" \/><\/figure><\/li><\/ul><\/figure>\n\n\n\n<figure class=\"wp-block-image size-large\"><img decoding=\"async\" loading=\"lazy\" width=\"1024\" height=\"726\" src=\"https:\/\/www.udrugaprospero.org\/wordpress\/wp-content\/uploads\/2021\/12\/Prospero_poljo-info_2-1024x726.jpg\" alt=\"\" class=\"wp-image-1928\" srcset=\"https:\/\/www.udrugaprospero.org\/wordpress\/wp-content\/uploads\/2021\/12\/Prospero_poljo-info_2-1024x726.jpg 1024w, https:\/\/www.udrugaprospero.org\/wordpress\/wp-content\/uploads\/2021\/12\/Prospero_poljo-info_2-300x213.jpg 300w, https:\/\/www.udrugaprospero.org\/wordpress\/wp-content\/uploads\/2021\/12\/Prospero_poljo-info_2-768x545.jpg 768w, https:\/\/www.udrugaprospero.org\/wordpress\/wp-content\/uploads\/2021\/12\/Prospero_poljo-info_2-1536x1090.jpg 1536w, https:\/\/www.udrugaprospero.org\/wordpress\/wp-content\/uploads\/2021\/12\/Prospero_poljo-info_2-2048x1453.jpg 2048w, https:\/\/www.udrugaprospero.org\/wordpress\/wp-content\/uploads\/2021\/12\/Prospero_poljo-info_2-600x426.jpg 600w, https:\/\/www.udrugaprospero.org\/wordpress\/wp-content\/uploads\/2021\/12\/Prospero_poljo-info_2-85x60.jpg 85w, https:\/\/www.udrugaprospero.org\/wordpress\/wp-content\/uploads\/2021\/12\/Prospero_poljo-info_2-127x90.jpg 127w\" sizes=\"(max-width: 1024px) 100vw, 1024px\" \/><\/figure>\n\n\n\n<figure class=\"wp-block-image size-large\"><img decoding=\"async\" loading=\"lazy\" width=\"1024\" height=\"726\" src=\"https:\/\/www.udrugaprospero.org\/wordpress\/wp-content\/uploads\/2021\/12\/Prospero_poljo-info_1-1024x726.jpg\" alt=\"\" class=\"wp-image-1929\" srcset=\"https:\/\/www.udrugaprospero.org\/wordpress\/wp-content\/uploads\/2021\/12\/Prospero_poljo-info_1-1024x726.jpg 1024w, https:\/\/www.udrugaprospero.org\/wordpress\/wp-content\/uploads\/2021\/12\/Prospero_poljo-info_1-300x213.jpg 300w, https:\/\/www.udrugaprospero.org\/wordpress\/wp-content\/uploads\/2021\/12\/Prospero_poljo-info_1-768x545.jpg 768w, https:\/\/www.udrugaprospero.org\/wordpress\/wp-content\/uploads\/2021\/12\/Prospero_poljo-info_1-1536x1090.jpg 1536w, https:\/\/www.udrugaprospero.org\/wordpress\/wp-content\/uploads\/2021\/12\/Prospero_poljo-info_1-2048x1453.jpg 2048w, https:\/\/www.udrugaprospero.org\/wordpress\/wp-content\/uploads\/2021\/12\/Prospero_poljo-info_1-600x426.jpg 600w, https:\/\/www.udrugaprospero.org\/wordpress\/wp-content\/uploads\/2021\/12\/Prospero_poljo-info_1-85x60.jpg 85w, https:\/\/www.udrugaprospero.org\/wordpress\/wp-content\/uploads\/2021\/12\/Prospero_poljo-info_1-127x90.jpg 127w\" sizes=\"(max-width: 1024px) 100vw, 1024px\" \/><\/figure>\n","protected":false},"excerpt":{"rendered":"<p>Ciljevi programa: Promicanje poljoprivrede i vrijednosti ruralnog prostora, odnosno unapre\u0111enje i razvoj poljoprivrede, pru\u017eanje stru\u010dne pomo\u0107i, informiranje javnosti o doga\u0111anjima s podru\u010dja poljoprivrede i prehrane. Kroz program \u0107e se poljoprivredni proizvo\u0111a\u010di i oni koji to \u017eele postati informirati o svim va\u017enim doga\u0111anjima iz navedenih podru\u010dja, educiranje o vo\u0111enju knjigovodstva, pra\u0107enju svih va\u017enih propisa prema kojima [&hellip;]<\/p>\n","protected":false},"author":1,"featured_media":0,"parent":0,"menu_order":0,"comment_status":"closed","ping_status":"closed","template":"","meta":[],"_links":{"self":[{"href":"https:\/\/www.udrugaprospero.org\/wordpress\/wp-json\/wp\/v2\/pages\/1836"}],"collection":[{"href":"https:\/\/www.udrugaprospero.org\/wordpress\/wp-json\/wp\/v2\/pages"}],"about":[{"href":"https:\/\/www.udrugaprospero.org\/wordpress\/wp-json\/wp\/v2\/types\/page"}],"author":[{"embeddable":true,"href":"https:\/\/www.udrugaprospero.org\/wordpress\/wp-json\/wp\/v2\/users\/1"}],"replies":[{"embeddable":true,"href":"https:\/\/www.udrugaprospero.org\/wordpress\/wp-json\/wp\/v2\/comments?post=1836"}],"version-history":[{"count":2,"href":"https:\/\/www.udrugaprospero.org\/wordpress\/wp-json\/wp\/v2\/pages\/1836\/revisions"}],"predecessor-version":[{"id":1935,"href":"https:\/\/www.udrugaprospero.org\/wordpress\/wp-json\/wp\/v2\/pages\/1836\/revisions\/1935"}],"wp:attachment":[{"href":"https:\/\/www.udrugaprospero.org\/wordpress\/wp-json\/wp\/v2\/media?parent=1836"}],"curies":[{"name":"wp","href":"https:\/\/api.w.org\/{rel}","templated":true}]}}