{"id":1839,"date":"2021-09-30T07:38:13","date_gmt":"2021-09-30T05:38:13","guid":{"rendered":"https:\/\/www.udrugaprospero.org\/wordpress\/?page_id=1839"},"modified":"2021-12-16T14:01:41","modified_gmt":"2021-12-16T13:01:41","slug":"aktibiz","status":"publish","type":"page","link":"https:\/\/www.udrugaprospero.org\/wordpress\/aktibiz\/","title":{"rendered":"AktiBiz"},"content":{"rendered":"\n<h4>Provoditelji<\/h4>\n\n\n\n<p>\u201eAktivnosti \u0161irenja koncepta dru\u0161tvenog poduzetni\u0161tva u RH\u201c za \u010dije su provo\u0111enje odgovorni Agencija za ruralni razvoj Zadarske \u017eupanije (AGRRA) i Udruga Prospero.<\/p>\n\n\n\n<h4>Aktivnosti projekta<\/h4>\n\n\n\n<p>AGRRA je zadu\u017eena za organizaciju 3 javna doga\u0111anja sa svrhom \u0161irenja spoznaja o dru\u0161tvenom poduzetni\u0161tvu odnosno konferencije, sajam i predavanja, te za pripremu i slanje newslettera. Savjetnik za me\u0111usektorsku suradnju organizirat \u0107e sajam dru\u0161tvenog poduzetni\u0161tva i konferenciju o dru\u0161tvenom poduzetni\u0161tvu u Zadru, te je zajedno s voditeljicom projekta odr\u017eala predavanje o principima i dobrobiti dru\u0161tvenog poduzetni\u0161tva za minimalno 10 nezaposlenih osoba u Zadru. Na konferenciju su kao panelisti bile pozvane minimalno tri osobe s iskustvom ili nadle\u017eno\u0161\u0107u u podru\u010dju dru\u0161tvenog poduzetni\u0161tva. Unajmljena je adekvatno opremljena konferencijska dvorana (razglas, projektor, platno), te je biti osigurana hrana i osvje\u017eenje za minimalno 30 sudionika. Kako bi odr\u017eavanje konferencije i sajma bilo ispravno komunicirano zainteresiranim dionicima i javnosti zakupljen je oglasni prostor u lokalnim novima, te izrada plakata.<\/p>\n\n\n\n<h4>Sajam<\/h4>\n\n\n\n<p>Na sajam dru\u0161tvenih poduzetnika bit \u0107e pozvani dru\u0161tveni poduzetnici s podru\u010dja RH. Sajam \u0107e se odr\u017eati na frekventnom mjestu u Zadru kako bi se \u0161to ve\u0107i broj posjetitelja upoznao s konceptom dru\u0161tvenog poduzteni\u0161tva, ali i upoznao dru\u0161tvene poduzetnike i njihove proizvode. Za najvi\u0161e 10 sudionika sajma previ\u0111en je tro\u0161ak putovanja i smje\u0161taja. Kako bi informacija o glavnim porukama konferencije i sajma do\u0161la do gra\u0111ana\/ki koji nisu osobno sudjelovali na ovim doga\u0111anjima, predvi\u0111en je tro\u0161ak snimanja i emitiranja TV priloga o konferenciji i sajmu.<\/p>\n\n\n\n<h4>Predavanje i newsletteri<\/h4>\n\n\n\n<p>Predavanje za nezaposlene odr\u017eat \u0107e se sa svrhom poticanja nezaposlenih osoba na pokretanje dru\u0161tvenog poduze\u0107a ili na bavljenje dru\u0161tvenim poduzetni\u0161tvom u udruzi, a organizirat \u0107e se u suradnji s CISOK-om Zadar (Centar za informiranje i savjetovanje o karijeri) koji je dio sustava Hrvatskog zavoda za zapo\u0161ljavanje i Podru\u010dnog ureda Zadar s kojim udruga \u201eEko-Zadar\u201c ima sklopljen sporazum o suradnju u okviru kojeg se provodi promicanje cjelo\u017eivotnog obrazovanja i razvoja vje\u0161tina upravljanja karijerom. Savjetnik za me\u0111usektorsku suradnju osim toga \u0107e pripremiti 8 newslettera o projektu i dru\u0161tvenom poduzetni\u0161tvu te \u0107e ih poslati na e-mail adrese udruga na podru\u010dju Zadarske \u017eupanije i ostalim zainteresiranima. Newsletteri \u0107e sadr\u017eavati novosti u podru\u010dju dru\u0161tvenog poduzetni\u0161tva te informacije korisne za dru\u0161tvene poduzetnike kao i razloge po\u017eeljnosti tranzicije poslovanja u dru\u0161tveno poduzetni\u0161tvo, a \u010dija je svrha s jedne strane pove\u0107ati vidljivost dru\u0161tvenog poduzetni\u0161tva kod dionika (primatelja), a s druge poticanje istih dionika na tranziciju u dru\u0161tveno poduzetni\u0161tvo. Ovi \u0107e newsletteri tako\u0111er biti objavljeni na web stranicama udruge \u201eEko-Zadar\u201c. S obzirom da je po zvanju pravnik, savjetnik za me\u0111usektorsku suradnju savjetovati \u0107e oko pravnih pitanja vezanih uz pokretanje i odr\u017eavanje web stranice.<\/p>\n\n\n\n<h4>Okupljanje dru\u0161tvenih poduzetnika<\/h4>\n\n\n\n<p>Udruga Prospero biti \u0107e zadu\u017eena za uspostavu neformalne mre\u017ee dru\u0161tvenih poduzetnika i koordiniranje tom mre\u017eom. Planirano je da \u0107e ova neformalna mre\u017ea biti okupljena oko web stranice koja \u0107e ujedno biti i medij putem kojeg se op\u0107a populacija gra\u0111ana\/ki osvje\u0161tava o zna\u010denju dru\u0161tvenog poduzetni\u0161tva za zajednicu. Web stranica \u0107e u ponudi imati isklju\u010divo proizvode dru\u0161tvenih poduzetnika u Republici Hrvatskoj. Svrha web stranice je afirmiranje konkretnih dru\u0161tvenih poduzetnika u doma\u0107em potro\u0161a\u010dkom dru\u0161tvu, te \u0161to je jo\u0161 va\u017enije &#8211; afirmiranje odabira proizvoda i usluga dru\u0161tvenih poduzetnika u svijesti potro\u0161a\u010da kao oblika odgovorne potro\u0161nje. Web stranica \u0107e time biti medij putem kojeg se op\u0107a populacija gra\u0111ana\/ki osvje\u0161tava o zna\u010denju dru\u0161tvenog poduzetni\u0161tva za zajednicu. Na okupljanju dru\u0161tvenih poduzetnika u neformalnu mre\u017eu, facilitaciji komunikacije izme\u0111u \u010dlanova\/ica neformalne mre\u017ee, te na uspostavi i odr\u017eavanju web stranice radit \u0107e koordinatorica umre\u017eavanja. Web stranica: <a rel=\"noreferrer noopener\" href=\"https:\/\/www.drustveno-poduzetnistvo.eu\/\" target=\"_blank\">https:\/\/www.drustveno-poduzetnistvo.eu\/<\/a><\/p>\n","protected":false},"excerpt":{"rendered":"<p>Provoditelji \u201eAktivnosti \u0161irenja koncepta dru\u0161tvenog poduzetni\u0161tva u RH\u201c za \u010dije su provo\u0111enje odgovorni Agencija za ruralni razvoj Zadarske \u017eupanije (AGRRA) i Udruga Prospero. Aktivnosti projekta AGRRA je zadu\u017eena za organizaciju 3 javna doga\u0111anja sa svrhom \u0161irenja spoznaja o dru\u0161tvenom poduzetni\u0161tvu odnosno konferencije, sajam i predavanja, te za pripremu i slanje newslettera. Savjetnik za me\u0111usektorsku suradnju [&hellip;]<\/p>\n","protected":false},"author":1,"featured_media":0,"parent":0,"menu_order":0,"comment_status":"closed","ping_status":"closed","template":"","meta":[],"_links":{"self":[{"href":"https:\/\/www.udrugaprospero.org\/wordpress\/wp-json\/wp\/v2\/pages\/1839"}],"collection":[{"href":"https:\/\/www.udrugaprospero.org\/wordpress\/wp-json\/wp\/v2\/pages"}],"about":[{"href":"https:\/\/www.udrugaprospero.org\/wordpress\/wp-json\/wp\/v2\/types\/page"}],"author":[{"embeddable":true,"href":"https:\/\/www.udrugaprospero.org\/wordpress\/wp-json\/wp\/v2\/users\/1"}],"replies":[{"embeddable":true,"href":"https:\/\/www.udrugaprospero.org\/wordpress\/wp-json\/wp\/v2\/comments?post=1839"}],"version-history":[{"count":7,"href":"https:\/\/www.udrugaprospero.org\/wordpress\/wp-json\/wp\/v2\/pages\/1839\/revisions"}],"predecessor-version":[{"id":1926,"href":"https:\/\/www.udrugaprospero.org\/wordpress\/wp-json\/wp\/v2\/pages\/1839\/revisions\/1926"}],"wp:attachment":[{"href":"https:\/\/www.udrugaprospero.org\/wordpress\/wp-json\/wp\/v2\/media?parent=1839"}],"curies":[{"name":"wp","href":"https:\/\/api.w.org\/{rel}","templated":true}]}}