{"id":1970,"date":"2022-08-11T11:54:30","date_gmt":"2022-08-11T09:54:30","guid":{"rendered":"https:\/\/www.udrugaprospero.org\/wordpress\/?page_id=1970"},"modified":"2022-10-04T14:49:34","modified_gmt":"2022-10-04T12:49:34","slug":"zajedno-za-zajednicu","status":"publish","type":"page","link":"https:\/\/www.udrugaprospero.org\/wordpress\/zajedno-za-zajednicu\/","title":{"rendered":"Zajedno za zajednicu"},"content":{"rendered":"\n<figure class=\"wp-block-image size-full\"><img decoding=\"async\" loading=\"lazy\" width=\"1024\" height=\"303\" src=\"https:\/\/www.udrugaprospero.org\/wordpress\/wp-content\/uploads\/2022\/10\/ZZZ_logo_horizontalni.png\" alt=\"\" class=\"wp-image-2028\" srcset=\"https:\/\/www.udrugaprospero.org\/wordpress\/wp-content\/uploads\/2022\/10\/ZZZ_logo_horizontalni.png 1024w, https:\/\/www.udrugaprospero.org\/wordpress\/wp-content\/uploads\/2022\/10\/ZZZ_logo_horizontalni-300x89.png 300w, https:\/\/www.udrugaprospero.org\/wordpress\/wp-content\/uploads\/2022\/10\/ZZZ_logo_horizontalni-768x227.png 768w, https:\/\/www.udrugaprospero.org\/wordpress\/wp-content\/uploads\/2022\/10\/ZZZ_logo_horizontalni-600x178.png 600w, https:\/\/www.udrugaprospero.org\/wordpress\/wp-content\/uploads\/2022\/10\/ZZZ_logo_horizontalni-190x56.png 190w, https:\/\/www.udrugaprospero.org\/wordpress\/wp-content\/uploads\/2022\/10\/ZZZ_logo_horizontalni-304x90.png 304w\" sizes=\"(max-width: 1024px) 100vw, 1024px\" \/><\/figure>\n\n\n<div class=\"wp-block-image\">\n<figure class=\"alignright size-full is-resized\"><img decoding=\"async\" loading=\"lazy\" src=\"https:\/\/www.udrugaprospero.org\/wordpress\/wp-content\/uploads\/2022\/09\/EU-logo.png\" alt=\"\" class=\"wp-image-1989\" width=\"142\" height=\"112\" srcset=\"https:\/\/www.udrugaprospero.org\/wordpress\/wp-content\/uploads\/2022\/09\/EU-logo.png 720w, https:\/\/www.udrugaprospero.org\/wordpress\/wp-content\/uploads\/2022\/09\/EU-logo-300x238.png 300w, https:\/\/www.udrugaprospero.org\/wordpress\/wp-content\/uploads\/2022\/09\/EU-logo-600x477.png 600w\" sizes=\"(max-width: 142px) 100vw, 142px\" \/><\/figure><\/div>\n\n\n<p><strong><mark style=\"background-color:rgba(0, 0, 0, 0);color:#5f2c00\" class=\"has-inline-color\">Udruga Prospero iz Gra\u010daca<\/mark> <\/strong>provodi projekt pod nazivom \u201eZajedno za zajednicu\u201c. \u0160ifra projekta: UP.04.2.1.11.0346. Naziv poziva: \u201cJa\u010danje kapaciteta OCD-a za odgovaranje na potrebe lokalne zajednice\u201d. Partneri na projektu su:<strong> humanitarna udruga Majka Terezija<\/strong> iz Gra\u010daca i <strong>Ekolo\u0161ka udruga Zrmanja<\/strong> iz Obrovca.<\/p>\n\n\n\n<h4>Kratki opis projekta:<\/h4>\n\n\n\n<p>Udruga Prospero \u0107e zajedno s partnerima u sklopu projekta &#8220;Zajedno za zajednicu&#8221;, osna\u017eiti svoje organizacije edukacijom svojih zaposlenica\/ka. Mentorirati manja civilna dru\u0161tva na podru\u010dju Op\u0107ine Gra\u010dac s ciljem osna\u017eivanja njihovih kapaciteta kako bi osigurali razvoj civilnih dru\u0161tava na podru\u010dju Op\u0107ine Gra\u010dac, te osigurali demokratski razvoj op\u0107ine. Izme\u0111u ostalog, organizacija volonterskih akcija, okruglih stolova i izrada zelene povelje za za\u0161titu prirode.<\/p>\n\n\n\n<h4><strong>Cilj projekta:<\/strong><\/h4>\n\n\n\n<ul><li>Osna\u017eiti kapacitete aktivnih OCD-a na podru\u010dju Op\u0107ine Gra\u010dac, kako bi u budu\u0107nosti provodili aktivnosti prilago\u0111ene potrebama zajednice i time osigurali razvoj civilnog dru\u0161tva na podru\u010dju Op\u0107ine Gra\u010dac.<\/li><li>Ekonomski rast i demokratski razvoj op\u0107ine&nbsp;<\/li><\/ul>\n\n\n\n<h4><strong>Aktivnosti projekta<\/strong><\/h4>\n\n\n\n<ul><li>Edukacija zaposlenika civilnih dru\u0161tava u podru\u010dju financijskog upravljanja<\/li><li>Edukacija zaposlenika civilnih dru\u0161tava u podru\u010dju strate\u0161kog planiranja<\/li><li>Edukacija zaposlenika civilnih dru\u0161tava u podru\u010dju volonterskog menad\u017ementa<\/li><li>Provo\u0111enje volonterskih akcija \u010di\u0161\u0107enja vrela Zrmanje i pristupnog puta, te otkrivanja i ure\u0111enja biciklisti\u010dke staze Lisac, u kojima \u0107e sudjelovati ukupno 16 volontera<\/li><li>Vo\u0111enje i pomo\u0107 civilnim dru\u0161tvima na podru\u010dju op\u0107ine Gra\u010dac kako bi se osigurao ekonomski i demokratski razvoj op\u0107ine.<\/li><li>Organizacija okruglih stolova za izradu zelene povelje za za\u0161titu prirode<\/li><\/ul>\n\n\n\n<h4><strong>Rezultati projekta<\/strong><\/h4>\n\n\n\n<ul><li>Educirani zaposlenici civilnih dru\u0161tava u ciljanim podru\u010djima<\/li><li>Uspje\u0161no odra\u0111ene volonterske akcije<\/li><li>Uspje\u0161no mentorirana i upu\u0107ena civilna dru\u0161tva u budu\u0107i rad za boljitak op\u0107ine<\/li><li>Uspje\u0161no organizirani i odr\u017eani okrugli stolovi<\/li><li>Uspje\u0161no izra\u0111ena zelena povelja za za\u0161titu prirode<\/li><\/ul>\n\n\n\n<h4>Poziv za mentoriranje<\/h4>\n\n\n\n<p>Udruga Prospero, zajedno s partnerskim organizacijama, Humanitarnom udrugom Majka Terezija i Ekolo\u0161kom udrugom Zrmanja poziva zainteresirana aktivna civilna dru\u0161tva op\u0107ine Gra\u010dac i okolnih mjesta na mentoriranje s ciljem poticanja na razvoj, ja\u010danja i odr\u017eivog napretka civilnih dru\u0161tava i lokalnih zajednica. Vi\u0161e pro\u010ditajte <mark style=\"background-color:rgba(0, 0, 0, 0)\" class=\"has-inline-color has-white-color\"><a href=\"https:\/\/www.udrugaprospero.org\/wordpress\/poziv-na-mentoriranje-zajedno-za-zajednicu\/\">ovdje!<\/a><\/mark><\/p>\n\n\n\n<div style=\"height:25px\" aria-hidden=\"true\" class=\"wp-block-spacer\"><\/div>\n\n\n\n<hr class=\"wp-block-separator has-alpha-channel-opacity\"\/>\n\n\n\n<p>Trajanje projekta 12 mjeseci (22. lipnja 2022. god. do 22. lipnja 2023.god), ukupna vrijednost je 465.489,68 HRK \/ 61.781,09 \u20ac. Bespovratna sredstva su osigurana iz Dr\u017eavnog prora\u010duna RH (15%), i iz Europskog socijalnog fonda (85%), odnosno Europska unija iz Europskog socijalnog fonda sufinancira u iznosu od 395.666,23 HRK \/ 52.513,93 \u20ac i iz Dr\u017eavnog prora\u010duna u iznosu od 69.823,45 HRK \/ 9.267,16 \u20ac.<\/p>\n\n\n\n<p>Kontakt osoba za vi\u0161e informacija: Kristian Mili\u010di\u0107; Udruga Prospero; 023\/773 &#8211; 384; radno vrijeme radnim danom od 07:00 do 15:00.<\/p>\n\n\n\n<p>Za vi\u0161e o EU fondovima: www.esf.hr i www.strukturnifondovi.hr<\/p>\n\n\n\n<div style=\"height:50px\" aria-hidden=\"true\" class=\"wp-block-spacer\"><\/div>\n\n\n<div class=\"wp-block-image\">\n<figure class=\"aligncenter size-full\"><img decoding=\"async\" loading=\"lazy\" width=\"872\" height=\"150\" src=\"https:\/\/www.udrugaprospero.org\/wordpress\/wp-content\/uploads\/2022\/07\/lenta3.png\" alt=\"\" class=\"wp-image-1967\" srcset=\"https:\/\/www.udrugaprospero.org\/wordpress\/wp-content\/uploads\/2022\/07\/lenta3.png 872w, https:\/\/www.udrugaprospero.org\/wordpress\/wp-content\/uploads\/2022\/07\/lenta3-300x52.png 300w, https:\/\/www.udrugaprospero.org\/wordpress\/wp-content\/uploads\/2022\/07\/lenta3-768x132.png 768w, https:\/\/www.udrugaprospero.org\/wordpress\/wp-content\/uploads\/2022\/07\/lenta3-600x103.png 600w\" sizes=\"(max-width: 872px) 100vw, 872px\" \/><\/figure><\/div>\n\n\n<p class=\"has-text-align-center\">\u201eSadr\u017eaj objave isklju\u010diva je odgovornost udruge Prospero i ne odra\u017eava nu\u017eno stajali\u0161te Ureda za udruge Vlade Republike Hrvatske i Europskog socijalnog fonda. \u201c<\/p>\n\n\n\n<p class=\"has-text-align-center\">Projekt sufinancira Ured za udruge Vlade Republike Hrvatske.<\/p>\n","protected":false},"excerpt":{"rendered":"<p>Udruga Prospero iz Gra\u010daca provodi projekt pod nazivom \u201eZajedno za zajednicu\u201c. \u0160ifra projekta: UP.04.2.1.11.0346. Naziv poziva: \u201cJa\u010danje kapaciteta OCD-a za odgovaranje na potrebe lokalne zajednice\u201d. Partneri na projektu su: humanitarna udruga Majka Terezija iz Gra\u010daca i Ekolo\u0161ka udruga Zrmanja iz Obrovca. Kratki opis projekta: Udruga Prospero \u0107e zajedno s partnerima u sklopu projekta &#8220;Zajedno za [&hellip;]<\/p>\n","protected":false},"author":1,"featured_media":0,"parent":0,"menu_order":0,"comment_status":"closed","ping_status":"closed","template":"","meta":[],"_links":{"self":[{"href":"https:\/\/www.udrugaprospero.org\/wordpress\/wp-json\/wp\/v2\/pages\/1970"}],"collection":[{"href":"https:\/\/www.udrugaprospero.org\/wordpress\/wp-json\/wp\/v2\/pages"}],"about":[{"href":"https:\/\/www.udrugaprospero.org\/wordpress\/wp-json\/wp\/v2\/types\/page"}],"author":[{"embeddable":true,"href":"https:\/\/www.udrugaprospero.org\/wordpress\/wp-json\/wp\/v2\/users\/1"}],"replies":[{"embeddable":true,"href":"https:\/\/www.udrugaprospero.org\/wordpress\/wp-json\/wp\/v2\/comments?post=1970"}],"version-history":[{"count":20,"href":"https:\/\/www.udrugaprospero.org\/wordpress\/wp-json\/wp\/v2\/pages\/1970\/revisions"}],"predecessor-version":[{"id":2029,"href":"https:\/\/www.udrugaprospero.org\/wordpress\/wp-json\/wp\/v2\/pages\/1970\/revisions\/2029"}],"wp:attachment":[{"href":"https:\/\/www.udrugaprospero.org\/wordpress\/wp-json\/wp\/v2\/media?parent=1970"}],"curies":[{"name":"wp","href":"https:\/\/api.w.org\/{rel}","templated":true}]}}