{"id":240,"date":"2016-10-28T17:29:01","date_gmt":"2016-10-28T16:29:01","guid":{"rendered":"http:\/\/localhost\/wp\/prospero\/wordpress\/?page_id=240"},"modified":"2017-01-26T23:27:06","modified_gmt":"2017-01-26T22:27:06","slug":"tecaj-filcanja","status":"publish","type":"page","link":"https:\/\/www.udrugaprospero.org\/wordpress\/tecajevi\/tradicijski-obrti\/tecaj-filcanja\/","title":{"rendered":"Te\u010daj filcanja vune"},"content":{"rendered":"<p>[vc_row][vc_column][vc_empty_space][vc_column_text]<strong>Filcanje je tehnika prerade vune<\/strong> koja se temelji na svojstvu vlakana da se uslijed mehani\u010dkog i toplinskog djelovanja, a uz pomo\u0107 sapuna, me\u0111usobno upletu u \u010dvrstu strukturu. Vuna se nakon \u010de\u0161ljanja ne prede u nit, nego se mo\u010di vodom i sapunom, a zatim gnje\u010di i valja. Na kraju dobijemo gust i neraskidiv materijal &#8211; filc.<\/p>\n<ul>\n<li>izrada ravnog materijala &#8211; 10 h<\/li>\n<li>izrada kuglica i cvjetova &#8211; 10 h<\/li>\n<li>izrada torbica po \u0161abloni &#8211; 20 h<\/li>\n<li>izrada \u0161e\u0161ira i papu\u010da &#8211; 20 h<\/li>\n<li>suho filcanje i izrada raznih oblika uz pomo\u0107 igle za filcanje &#8211; 20 h<\/li>\n<\/ul>\n<p>[\/vc_column_text][\/vc_column][\/vc_row]<\/p>\n","protected":false},"excerpt":{"rendered":"<p>[vc_row][vc_column][vc_empty_space][vc_column_text]Filcanje je tehnika prerade vune koja se temelji na svojstvu vlakana da se uslijed mehani\u010dkog i toplinskog djelovanja, a uz pomo\u0107 sapuna, me\u0111usobno upletu u \u010dvrstu strukturu. Vuna se nakon \u010de\u0161ljanja ne prede u nit, nego se mo\u010di vodom i sapunom, a zatim gnje\u010di i valja. Na kraju dobijemo gust i neraskidiv materijal &#8211; filc. [&hellip;]<\/p>\n","protected":false},"author":1,"featured_media":0,"parent":234,"menu_order":0,"comment_status":"closed","ping_status":"closed","template":"","meta":[],"_links":{"self":[{"href":"https:\/\/www.udrugaprospero.org\/wordpress\/wp-json\/wp\/v2\/pages\/240"}],"collection":[{"href":"https:\/\/www.udrugaprospero.org\/wordpress\/wp-json\/wp\/v2\/pages"}],"about":[{"href":"https:\/\/www.udrugaprospero.org\/wordpress\/wp-json\/wp\/v2\/types\/page"}],"author":[{"embeddable":true,"href":"https:\/\/www.udrugaprospero.org\/wordpress\/wp-json\/wp\/v2\/users\/1"}],"replies":[{"embeddable":true,"href":"https:\/\/www.udrugaprospero.org\/wordpress\/wp-json\/wp\/v2\/comments?post=240"}],"version-history":[{"count":2,"href":"https:\/\/www.udrugaprospero.org\/wordpress\/wp-json\/wp\/v2\/pages\/240\/revisions"}],"predecessor-version":[{"id":699,"href":"https:\/\/www.udrugaprospero.org\/wordpress\/wp-json\/wp\/v2\/pages\/240\/revisions\/699"}],"up":[{"embeddable":true,"href":"https:\/\/www.udrugaprospero.org\/wordpress\/wp-json\/wp\/v2\/pages\/234"}],"wp:attachment":[{"href":"https:\/\/www.udrugaprospero.org\/wordpress\/wp-json\/wp\/v2\/media?parent=240"}],"curies":[{"name":"wp","href":"https:\/\/api.w.org\/{rel}","templated":true}]}}