{"id":260,"date":"2016-10-28T18:32:11","date_gmt":"2016-10-28T17:32:11","guid":{"rendered":"http:\/\/localhost\/wp\/prospero\/wordpress\/?page_id=260"},"modified":"2017-01-17T21:43:27","modified_gmt":"2017-01-17T21:43:27","slug":"aktiviraj-se","status":"publish","type":"page","link":"https:\/\/www.udrugaprospero.org\/wordpress\/projekti\/aktiviraj-se\/","title":{"rendered":"Aktiviraj se"},"content":{"rendered":"<p>[vc_row][vc_column][vc_column_text]Pokrenuli smo ovaj projekt jer \u017eelimo pobolj\u0161ati kvalitetu \u017eivota mladih osoba s podru\u010dja Gra\u010daca i pove\u0107ati njihovu uklju\u010denost u aktivnosti zajednice kroz kreativne edukacije u keramici i lon\u010darstvu, prezentaciju u sklopu sajma zajednice te izlo\u017ebu radova. Ponudili smo im sadr\u017eaje kojima su kreativno i korisno upotpunili svoje slobodno vrijeme i bavili se stvaranjem proizvoda u keramici i lon\u010darstvu. Ovim projektom osigurali smo prijenos znanja i iskustva mla\u0111im generacijama u likovnim i umjetni\u010dkim zanimanjima i potaknuli ih na daljnje bavljenje u sklopu tih zanimanja.<\/p>\n<h4>Ciljevi\u00a0 projekta:<\/h4>\n<ul>\n<li>pobolj\u0161ati kvalitetu \u017eivota mladih osoba u dobi do 30 godina i pove\u0107ati njihovu uklju\u010denost u aktivnosti u zajednici,<\/li>\n<li>Osigurati prijenos\u00a0 znanja\u00a0 i iskustva mla\u0111im generacijama\u00a0 u likovnim i umjetni\u010dkim zanimanjima poput keramike i lon\u010darstva\u00a0 kako bi ih motivirali na daljnje bavljenje u tim umjetni\u010dkim zanimanjima u cilju njihovog samozapo\u0161ljavanja,<\/li>\n<li>poticanje na izlo\u017ebeno scenske aktivnosti te doprinos djece i mladih u oboga\u0107ivanju ukupnog kulturnog \u017eivota zajednice.<\/li>\n<\/ul>\n<p>&nbsp;<\/p>\n<h4>Rezultati projekta:<\/h4>\n<ul>\n<li>1000 mje\u0161tana Gra\u010daca je dobilo informaciju o projektnim aktivnostima i o mogu\u0107nostima poha\u0111anja edukativnih programa te \u0107e dobiti informaciju o izlo\u017ebi radova\u00a0 i sajmu zajednice,<\/li>\n<li>Dva volontera je anga\u017eirano tijekom projekta na organizaciji izlo\u017ebe i organizaciji sajma zajednice u sklopu kojega \u0107e biti izlo\u017eba radova,<\/li>\n<li>Organizirane dvije\u00a0 radionice \u2013 radionica keramike na kojoj je sudjelovalo 8 korisnika i radionica lon\u010darstva na kojoj je sudjelovalo 5 korisnika,<\/li>\n<li>mlade osobe su nau\u010dile nova znanja i vje\u0161tine te kreativno ispunile svoje slobodno vrijeme,<\/li>\n<li>sudjelovanje u organizaciji sajma zajednice,<\/li>\n<li>organizirana\u00a0 izlo\u017eba radova na kojoj je izlo\u017eeno 50-ak\u00a0 radova.<\/li>\n<\/ul>\n<p>[\/vc_column_text][\/vc_column][\/vc_row]<\/p>\n","protected":false},"excerpt":{"rendered":"<p>[vc_row][vc_column][vc_column_text]Pokrenuli smo ovaj projekt jer \u017eelimo pobolj\u0161ati kvalitetu \u017eivota mladih osoba s podru\u010dja Gra\u010daca i pove\u0107ati njihovu uklju\u010denost u aktivnosti zajednice kroz kreativne edukacije u keramici i lon\u010darstvu, prezentaciju u sklopu sajma zajednice te izlo\u017ebu radova. Ponudili smo im sadr\u017eaje kojima su kreativno i korisno upotpunili svoje slobodno vrijeme i bavili se stvaranjem proizvoda u [&hellip;]<\/p>\n","protected":false},"author":1,"featured_media":0,"parent":256,"menu_order":0,"comment_status":"closed","ping_status":"closed","template":"","meta":[],"_links":{"self":[{"href":"https:\/\/www.udrugaprospero.org\/wordpress\/wp-json\/wp\/v2\/pages\/260"}],"collection":[{"href":"https:\/\/www.udrugaprospero.org\/wordpress\/wp-json\/wp\/v2\/pages"}],"about":[{"href":"https:\/\/www.udrugaprospero.org\/wordpress\/wp-json\/wp\/v2\/types\/page"}],"author":[{"embeddable":true,"href":"https:\/\/www.udrugaprospero.org\/wordpress\/wp-json\/wp\/v2\/users\/1"}],"replies":[{"embeddable":true,"href":"https:\/\/www.udrugaprospero.org\/wordpress\/wp-json\/wp\/v2\/comments?post=260"}],"version-history":[{"count":3,"href":"https:\/\/www.udrugaprospero.org\/wordpress\/wp-json\/wp\/v2\/pages\/260\/revisions"}],"predecessor-version":[{"id":419,"href":"https:\/\/www.udrugaprospero.org\/wordpress\/wp-json\/wp\/v2\/pages\/260\/revisions\/419"}],"up":[{"embeddable":true,"href":"https:\/\/www.udrugaprospero.org\/wordpress\/wp-json\/wp\/v2\/pages\/256"}],"wp:attachment":[{"href":"https:\/\/www.udrugaprospero.org\/wordpress\/wp-json\/wp\/v2\/media?parent=260"}],"curies":[{"name":"wp","href":"https:\/\/api.w.org\/{rel}","templated":true}]}}