{"id":433,"date":"2017-01-18T23:34:52","date_gmt":"2017-01-18T23:34:52","guid":{"rendered":"http:\/\/www.udrugaprospero.org\/wordpress\/?page_id=433"},"modified":"2017-01-18T23:34:52","modified_gmt":"2017-01-18T23:34:52","slug":"mini-esf","status":"publish","type":"page","link":"https:\/\/www.udrugaprospero.org\/wordpress\/projekti\/mini-esf\/","title":{"rendered":"MINI ESF"},"content":{"rendered":"<p>[vc_row][vc_column][vc_column_text]Program za aktivaciju \u017eena u lokalnoj zajednici, MINI ESF- javni rad <strong>Za\u017eeli<\/strong> po mjeri. \u00a0Pomo\u0107 zajednici financiranog iz EU sredstava Operativnog programa Razvoj ljudskih potencijala 2007.-2013. godina.<\/p>\n<p>Projekt Program javnih radova za aktivacije \u017eena u lokalnoj zajednici \u201eZa\u017eeli\u201c ugovaratelj je HZZ, inicijator programa je Op\u0107ina Gra\u010dac, a izvr\u0161itelj je Udruga Prospero. Kroz program je bilo zaposleno 11 \u017eena na period od 8 mjeseci na poslove njege i pomo\u0107i u ku\u0107i starim i nemo\u0107nim osobama.<\/p>\n<p>&nbsp;<\/p>\n<h4>Ciljevi\u00a0 projekta:<\/h4>\n<ul>\n<li>pru\u017eiti potporu zapo\u0161ljavanju i pristupu tr\u017ei\u0161tu rada \u017eenama koje se nalaze u nepovoljnom polo\u017eaju na tr\u017ei\u0161tu rada<\/li>\n<li>prevencija prerane institucionalizacije osoba s invaliditetom i starijih osoba i njihova socijalizacija, a samimi time pobolj\u0161anje kvalitete \u017eivota.<\/li>\n<\/ul>\n<p>&nbsp;<\/p>\n<h4>Rezultati projekta:<\/h4>\n<p>Jedanaest dugotrajno nezaposlenih \u017eena dobilo priliku da radi i budu zaposlene na dru\u0161tveno korisnom poslu njege i pomo\u0107i u ku\u0107i osam mjeseci<\/p>\n<p>\u010cetrdeset osam \u00a0osoba dobilo njegu i pomo\u0107 u ku\u0107i i \u010dime im je pobolj\u0161ana kvaliteta \u017eivota i smanjena mogu\u0107nost prerane institucionalizacije.<\/p>\n<p>&nbsp;<\/p>\n<p>&nbsp;<\/p>\n<p>Trajanje projekta 8 mjeseci <em>01. travnja 2016. god.do 30.studeni 2016.god<\/em>, ukupna vrijednost projekta je 314.471,04 kn financiranih iz Europskog socijalnog fonda.[\/vc_column_text][\/vc_column][\/vc_row]<\/p>\n","protected":false},"excerpt":{"rendered":"<p>[vc_row][vc_column][vc_column_text]Program za aktivaciju \u017eena u lokalnoj zajednici, MINI ESF- javni rad Za\u017eeli po mjeri. \u00a0Pomo\u0107 zajednici financiranog iz EU sredstava Operativnog programa Razvoj ljudskih potencijala 2007.-2013. godina. Projekt Program javnih radova za aktivacije \u017eena u lokalnoj zajednici \u201eZa\u017eeli\u201c ugovaratelj je HZZ, inicijator programa je Op\u0107ina Gra\u010dac, a izvr\u0161itelj je Udruga Prospero. Kroz program je bilo [&hellip;]<\/p>\n","protected":false},"author":1,"featured_media":0,"parent":256,"menu_order":0,"comment_status":"closed","ping_status":"closed","template":"","meta":[],"_links":{"self":[{"href":"https:\/\/www.udrugaprospero.org\/wordpress\/wp-json\/wp\/v2\/pages\/433"}],"collection":[{"href":"https:\/\/www.udrugaprospero.org\/wordpress\/wp-json\/wp\/v2\/pages"}],"about":[{"href":"https:\/\/www.udrugaprospero.org\/wordpress\/wp-json\/wp\/v2\/types\/page"}],"author":[{"embeddable":true,"href":"https:\/\/www.udrugaprospero.org\/wordpress\/wp-json\/wp\/v2\/users\/1"}],"replies":[{"embeddable":true,"href":"https:\/\/www.udrugaprospero.org\/wordpress\/wp-json\/wp\/v2\/comments?post=433"}],"version-history":[{"count":1,"href":"https:\/\/www.udrugaprospero.org\/wordpress\/wp-json\/wp\/v2\/pages\/433\/revisions"}],"predecessor-version":[{"id":434,"href":"https:\/\/www.udrugaprospero.org\/wordpress\/wp-json\/wp\/v2\/pages\/433\/revisions\/434"}],"up":[{"embeddable":true,"href":"https:\/\/www.udrugaprospero.org\/wordpress\/wp-json\/wp\/v2\/pages\/256"}],"wp:attachment":[{"href":"https:\/\/www.udrugaprospero.org\/wordpress\/wp-json\/wp\/v2\/media?parent=433"}],"curies":[{"name":"wp","href":"https:\/\/api.w.org\/{rel}","templated":true}]}}