{"id":501,"date":"2017-01-19T22:30:07","date_gmt":"2017-01-19T22:30:07","guid":{"rendered":"http:\/\/www.udrugaprospero.org\/wordpress\/?page_id=501"},"modified":"2018-08-31T15:10:46","modified_gmt":"2018-08-31T13:10:46","slug":"ucinimo-im-svijet-ljepsim","status":"publish","type":"page","link":"https:\/\/www.udrugaprospero.org\/wordpress\/projekti\/ucinimo-im-svijet-ljepsim\/","title":{"rendered":"U\u010dinimo im svijet ljep\u0161im"},"content":{"rendered":"<p>[vc_row][vc_column][vc_column_text]<\/p>\n<h4>Projekt usmjeren borbi protiv siroma\u0161tva i socijalne isklju\u010denosti u okviru raspolo\u017eivih sredstava Dr\u017eavnog prora\u010duna za 2015 god.<\/h4>\n<p>Projektni partneri u ovom projektu su Centar za socijalnu skrb Zadar, podru\u017enica Gra\u010dac, Osnovna \u0161kola Gra\u010dac, Osnovna \u0161kola Starigrad, Osnovna \u0161kola Pag, Osnovna \u0161kola Ra\u017eanac.<\/p>\n<p>Kroz ovaj projekt pobolj\u0161ali smo socijalno stanje roditelja djece koji se nalaze u financijskim problemima. \u010cetiri \u0161kole na podru\u010dju Zadarske \u017eupanije osigurale su djeci slabijeg imovnog stanja obrok tijekom boravka u \u0161koli. \u0160kole u ruralnim krajevima dobile smo mogu\u0107nosti pomo\u0107i socijalno ugro\u017eenim obiteljima. 107-ero djece iz \u010detiri \u0161kole idu sretniji i zadovoljniji u \u0161kolu jer imaju osiguran obrok u \u0161koli.<\/p>\n<h4><\/h4>\n<h4>Rezultati projekta:<\/h4>\n<ul>\n<li>Pobolj\u0161ali smo socijalno stanje roditelja djece koji se nalaze u financijskim problemima na na\u010din da smo njihovoj djeci osigurali obrok u \u0161koli.<\/li>\n<li>\u010cetiri \u0161kole na podru\u010dju Zadarske \u017eupanije kao partneri na projektu anga\u017eirale su se da osiguraju djeci slabijeg imovnog stanja obrok tijekom boravka u \u0161koli.<\/li>\n<li>\u0160kole u ruralnim krajevima dobile su\u00a0 mogu\u0107nosti da pomognu socijalno ugro\u017eenim obiteljima.<\/li>\n<li>107-ero djece iz \u010detiri \u0161kole su bili sretniji i zadovoljniji tijekom \u0161kole jer su imali osiguran obrok u \u0161koli<\/li>\n<li>Pove\u0107ala se suradnja javnih institucija i civilnog sektora, na na\u010din da su \u0161kole imale ve\u0107u komunikaciju sa centrima za socijalnu skrb i udrugom.<\/li>\n<li>Ovim projektom u\u010ditelji, nastavnici i ravnatelji \u0161kola su vi\u0161e obra\u0107ali pozornost na to koja djeca imaju sendvi\u010de, a koja nemaju i time doprinijeli smanjenju socijalne isklju\u010denosti djece u \u0161koli.<\/li>\n<\/ul>\n<p>&nbsp;<\/p>\n<p>Trajanje projekta 12 mjeseci (01. rujna 2015. god.do 15. lipnja 2016.god). Ovaj projekt podr\u017ean je uz financijsku podr\u0161ku Ministarstva socijalne politike i mladih u iznosu od \u00a0124.880,00 kn[\/vc_column_text][\/vc_column][\/vc_row]<\/p>\n","protected":false},"excerpt":{"rendered":"<p>[vc_row][vc_column][vc_column_text] Projekt usmjeren borbi protiv siroma\u0161tva i socijalne isklju\u010denosti u okviru raspolo\u017eivih sredstava Dr\u017eavnog prora\u010duna za 2015 god. Projektni partneri u ovom projektu su Centar za socijalnu skrb Zadar, podru\u017enica Gra\u010dac, Osnovna \u0161kola Gra\u010dac, Osnovna \u0161kola Starigrad, Osnovna \u0161kola Pag, Osnovna \u0161kola Ra\u017eanac. Kroz ovaj projekt pobolj\u0161ali smo socijalno stanje roditelja djece koji se nalaze [&hellip;]<\/p>\n","protected":false},"author":1,"featured_media":0,"parent":256,"menu_order":0,"comment_status":"closed","ping_status":"closed","template":"","meta":[],"_links":{"self":[{"href":"https:\/\/www.udrugaprospero.org\/wordpress\/wp-json\/wp\/v2\/pages\/501"}],"collection":[{"href":"https:\/\/www.udrugaprospero.org\/wordpress\/wp-json\/wp\/v2\/pages"}],"about":[{"href":"https:\/\/www.udrugaprospero.org\/wordpress\/wp-json\/wp\/v2\/types\/page"}],"author":[{"embeddable":true,"href":"https:\/\/www.udrugaprospero.org\/wordpress\/wp-json\/wp\/v2\/users\/1"}],"replies":[{"embeddable":true,"href":"https:\/\/www.udrugaprospero.org\/wordpress\/wp-json\/wp\/v2\/comments?post=501"}],"version-history":[{"count":2,"href":"https:\/\/www.udrugaprospero.org\/wordpress\/wp-json\/wp\/v2\/pages\/501\/revisions"}],"predecessor-version":[{"id":992,"href":"https:\/\/www.udrugaprospero.org\/wordpress\/wp-json\/wp\/v2\/pages\/501\/revisions\/992"}],"up":[{"embeddable":true,"href":"https:\/\/www.udrugaprospero.org\/wordpress\/wp-json\/wp\/v2\/pages\/256"}],"wp:attachment":[{"href":"https:\/\/www.udrugaprospero.org\/wordpress\/wp-json\/wp\/v2\/media?parent=501"}],"curies":[{"name":"wp","href":"https:\/\/api.w.org\/{rel}","templated":true}]}}