{"id":784,"date":"2017-08-08T17:33:49","date_gmt":"2017-08-08T15:33:49","guid":{"rendered":"http:\/\/www.udrugaprospero.org\/wordpress\/?page_id=784"},"modified":"2018-05-29T02:22:19","modified_gmt":"2018-05-29T00:22:19","slug":"odrzivo-drustveno-poduzece","status":"publish","type":"page","link":"https:\/\/www.udrugaprospero.org\/wordpress\/odrzivo-drustveno-poduzece\/","title":{"rendered":"ODP"},"content":{"rendered":"<p>[vc_row][vc_column][vc_empty_space][vc_column_text]<\/p>\n<h5>Cilj projekta &#8220;Odr\u017eivo dru\u0161tveno poduze\u0107e&#8221; je pove\u0107ati zapo\u0161ljivost ranjiivih i marginaliziranih skupina u nepovoljnom polo\u017eaju na tr\u017ei\u0161tu rada razvijanjem za njih prilago\u0111enih programa kako bi mogli doprinijeti razvoju dru\u0161tvenog poduzetni\u0161tva u zajednici.<\/h5>\n<ul>\n<li>Cilj je potaknuti razvoj i poslovanje udruge kako bi stekla kapacitete za osnivanje dru\u0161tvenog poduze\u0107a.<\/li>\n<\/ul>\n<p>Aktivnosti projekta:<\/p>\n<ul>\n<li>Organizacija edukacije (izrada obu\u0107e tehnikom filcanja)<\/li>\n<li>Edukacija za osposobljavanje za poslove obu\u0107e<\/li>\n<li>Prakti\u010dna nastava izrade obu\u0107e u kombinaciji sa obu\u0107om izra\u0111enom tehnikom filcanja<\/li>\n<li>Organizacija edukacije prodajnih vje\u0161tina<\/li>\n<li>Izrada poslovnog plana i marketing plana<\/li>\n<\/ul>\n<p>Ciljana skupina su nezaposlene \u017eene i mladi, s podru\u010dja Gra\u010daca, 10 \u010dlanova udruge Prospero, radno sposobni u dobi od 18 do 45 godina. Prijavljeni na Zavodu za zapo\u0161ljavanje kao nezaposlene osobe.<br \/>\nBespovratna sredstva u iznosu od 459.375,60 kuna.<br \/>\nMinistarstvo rada i mirovinskog sustava je upravlja\u010dko tijelo, Nacionalna zaklada za razvoj civilnog dru\u0161tva je ugovorno tijelo.<br \/>\nProjekt je financiran iz sredstava Europske unije iz Socijalnog fonda.<\/p>\n<p>Ovim projektom pokrenut \u0107emo proizvodnju obu\u0107e, poglavito filcane od vune u sklopu koje \u0107emo zapo\u0161ljavali \u017eene i mlade. Kroz pove\u0107anje proizvodnje i asortimana proizvoda imati \u0107emo pokrivenu cijelu godinu sa proizvodnjom i prodajom proizvoda kako bi se socijalno poduze\u0107e koje planiramo osnovati moglo odr\u017eati i cijelu godinu imati prihode, a samim time imati zaposlene radnike cijelu godinu. Ovim projektom bi smo pokrenuli zapo\u0161ljavanje u sklopu dru\u0161tvenog poduzetni\u0161tva i potaknuli druge na preslikavanje modela.[\/vc_column_text][vc_single_image image=&#8221;802&#8243; img_size=&#8221;large&#8221; alignment=&#8221;center&#8221;][\/vc_column][\/vc_row]<\/p>\n","protected":false},"excerpt":{"rendered":"<p>[vc_row][vc_column][vc_empty_space][vc_column_text] Cilj projekta &#8220;Odr\u017eivo dru\u0161tveno poduze\u0107e&#8221; je pove\u0107ati zapo\u0161ljivost ranjiivih i marginaliziranih skupina u nepovoljnom polo\u017eaju na tr\u017ei\u0161tu rada razvijanjem za njih prilago\u0111enih programa kako bi mogli doprinijeti razvoju dru\u0161tvenog poduzetni\u0161tva u zajednici. Cilj je potaknuti razvoj i poslovanje udruge kako bi stekla kapacitete za osnivanje dru\u0161tvenog poduze\u0107a. Aktivnosti projekta: Organizacija edukacije (izrada obu\u0107e tehnikom [&hellip;]<\/p>\n","protected":false},"author":1,"featured_media":0,"parent":0,"menu_order":0,"comment_status":"closed","ping_status":"closed","template":"","meta":[],"_links":{"self":[{"href":"https:\/\/www.udrugaprospero.org\/wordpress\/wp-json\/wp\/v2\/pages\/784"}],"collection":[{"href":"https:\/\/www.udrugaprospero.org\/wordpress\/wp-json\/wp\/v2\/pages"}],"about":[{"href":"https:\/\/www.udrugaprospero.org\/wordpress\/wp-json\/wp\/v2\/types\/page"}],"author":[{"embeddable":true,"href":"https:\/\/www.udrugaprospero.org\/wordpress\/wp-json\/wp\/v2\/users\/1"}],"replies":[{"embeddable":true,"href":"https:\/\/www.udrugaprospero.org\/wordpress\/wp-json\/wp\/v2\/comments?post=784"}],"version-history":[{"count":16,"href":"https:\/\/www.udrugaprospero.org\/wordpress\/wp-json\/wp\/v2\/pages\/784\/revisions"}],"predecessor-version":[{"id":880,"href":"https:\/\/www.udrugaprospero.org\/wordpress\/wp-json\/wp\/v2\/pages\/784\/revisions\/880"}],"wp:attachment":[{"href":"https:\/\/www.udrugaprospero.org\/wordpress\/wp-json\/wp\/v2\/media?parent=784"}],"curies":[{"name":"wp","href":"https:\/\/api.w.org\/{rel}","templated":true}]}}